{"id":30,"date":"2017-03-25T15:18:54","date_gmt":"2017-03-25T14:18:54","guid":{"rendered":"http:\/\/jantar-gizycko.eu\/gosciniec\/?page_id=30"},"modified":"2017-07-04T20:58:28","modified_gmt":"2017-07-04T18:58:28","slug":"w-okolicy","status":"publish","type":"page","link":"https:\/\/jantar-gizycko.eu\/gosciniec\/w-okolicy\/","title":{"rendered":"W okolicy"},"content":{"rendered":"<p class=\"art-postheader\" style=\"text-align: justify;\"><strong>Go\u015bciniec Jantar<\/strong> usytuowany jest w stolicy mazurskiej krainy \u2013 <strong>Gi\u017cycku<\/strong>. Zapraszaj\u0105c Pa\u0144stwa do sp\u0119dzenia kilku dni ze swojego urlopu, mamy nadziej\u0119, \u017ce znajdziecie tu wszystko to czego nie mo\u017cna znale\u017a\u0107 gdzie indziej. Rozleg\u0142e akweny wodne i masywy le\u015bne w tym jeden z najd\u0142u\u017cszych w \u015bwiecie szlak wodny po\u0142\u0105czonych ze sob\u0105 jezior mazurskich oraz obfituj\u0105ce w le\u015bne runo chocia\u017cby Puszcza Piska oraz Puszcza Borecka.<\/p>\n<p class=\"art-postheader\" style=\"text-align: justify;\">Liczne \u015blady przesz\u0142o\u015bci regionu pocz\u0105wszy od pierwszych mieszka\u0144c\u00f3w tych ziem galind\u00f3w poprzez obecno\u015b\u0107 na tych ziemiach zakonu krzy\u017cackiego, Prus\u00f3w a\u017c\u00a0po\u00a0mroczne tajemnice II wojny \u015bwiatowej w trakcie kt\u00f3rej mazury otoczone zosta\u0142y systemem fortyfikacji zachowanych do dnia dzisiejszego. Na Mazurach swoje kwatery mieli mi\u0119dzy innymi Adolf Hitler w Gier\u0142o\u017cy, Himmler w Pozezdrzu a w Mamerkach swoj\u0105 g\u0142\u00f3wn\u0105 kwater\u0119, dow\u00f3dztwo wermachtu. Znajdziecie tu r\u00f3wnie\u017c liczne miejsca kultu religijnego przyci\u0105gaj\u0105ce ogromne rzesze wiernych w tym wspania\u0142y Ko\u015bci\u00f3\u0142 w\u00a0\u015awi\u0119tej Lipce. Liczne imprezy muzyczne, w tym najbardziej znane nie tylko w\u00a0Polsce koncerty muzyki organowej, festiwal piosenki \u017ceglarskiej, wyst\u0119py najlepszych zespo\u0142\u00f3w i wokalist\u00f3w czy sportowe zmagania \u017ceglarzy \u015bci\u0105gaj\u0105 do\u00a0Gi\u017cycka \u017c\u0105dnych niezapomnianych wra\u017ce\u0144 turyst\u00f3w.<\/p>\n<h3 class=\"art-postheader\">WARTO ZOBACZY\u0106<\/h3>\n<figure id=\"attachment_212\" aria-describedby=\"caption-attachment-212\" style=\"width: 300px\" class=\"wp-caption alignright\"><img loading=\"lazy\" class=\"wp-image-212 size-medium\" src=\"http:\/\/jantar-gizycko.eu\/gosciniec\/wp-content\/uploads\/2017\/03\/DSC_0197-300x200.jpg\" alt=\"Port Gi\u017cycko - Go\u015bciniec Jantar w okolicy\" width=\"300\" height=\"200\" srcset=\"https:\/\/jantar-gizycko.eu\/gosciniec\/wp-content\/uploads\/2017\/03\/DSC_0197-300x200.jpg 300w, https:\/\/jantar-gizycko.eu\/gosciniec\/wp-content\/uploads\/2017\/03\/DSC_0197-768x512.jpg 768w, https:\/\/jantar-gizycko.eu\/gosciniec\/wp-content\/uploads\/2017\/03\/DSC_0197-1024x683.jpg 1024w, https:\/\/jantar-gizycko.eu\/gosciniec\/wp-content\/uploads\/2017\/03\/DSC_0197-750x500.jpg 750w\" sizes=\"(max-width: 300px) 100vw, 300px\" \/><figcaption id=\"caption-attachment-212\" class=\"wp-caption-text\"><span style=\"font-size: 10pt;\">Port Gi\u017cycko &#8211; Go\u015bciniec Jantar w okolicy<\/span><\/figcaption><\/figure>\n<ul>\n<li><b><a href=\"http:\/\/www.gizycko.pl\/most-obrotowy.html\" target=\"_blank\" rel=\"noopener noreferrer\">most obrotowy w Gi\u017cycku<\/a><\/b> \u2013 jedna z niewielu tego typu konstrukcji w Europie<\/li>\n<li><b><a href=\"http:\/\/mazury.info.pl\/atrakcje\/ryn-zamek\/index.html\" target=\"_blank\" rel=\"noopener noreferrer\">zamek krzy\u017cacki w Rynie<\/a><\/b> \u2013 drugi po Malborku co do wielko\u015bci zamek, obecnie hotel i centrum konferencyjne<\/li>\n<li><b><a href=\"http:\/\/www.kadzidlowo.pl\/\" target=\"_blank\" rel=\"noopener noreferrer\">Kadzid\u0142owo<\/a><\/b> \u2013 Park Dzikich Zwierz\u0105t, gdzie mo\u017cna z bliska zobaczy\u0107 wiele gatunk\u00f3w zwierz\u0105t<\/li>\n<li><b><a href=\"http:\/\/www.boyen.gizycko.pl\/\" target=\"_blank\" rel=\"noopener noreferrer\">Twierdza Boyen w Gi\u017cycku <\/a><\/b>XIX \u2013 wieczny kompleks obronny sk\u0142adaj\u0105cy si\u0119 z\u00a0ponad 90 budynk\u00f3w i schron\u00f3woraz \u00a0umocnie\u0144 ziemnych otoczonych 2 km kamienno-ceglanym murem<\/li>\n<li><b><a href=\"http:\/\/www.it.mragowo.pl\/wolisko-hodowla-zubrow,3,615,pl.html\">Wolisko<\/a><\/b> \u2013 Zagroda Pokazowa \u017bubr\u00f3w w Puszczy Boreckiej<\/li>\n<li><b><a href=\"http:\/\/www.wegorzewo.com\/\">W\u0119gorzewo<\/a><\/b> \u2013 Muzeum Kultury Ludowej<\/li>\n<li><b><a href=\"http:\/\/www.krutynia.com.pl\/\">Kruty\u0144<\/a><\/b> \u2013 urocza wie\u015b, w kt\u00f3rej zachowa\u0142a si\u0119 stara mazurska drewniana zabudowa<\/li>\n<li>osada <b><a href=\"http:\/\/www.mazury.com.pl\/hotele\/galindia\/index.htm\">Galindia<\/a><\/b> \u2013 miejsce dziw\u00f3w i mocy<\/li>\n<li><b><a href=\"http:\/\/www.olsztyn.eu\/\">Olsztyn<\/a><\/b> \u2013 zamek kapitu\u0142y warmi\u0144skiej z XIV w. (dzi\u015b Muzeum Warmii i Mazur), ko\u015bci\u00f3\u0142 \u015bw. Jakuba z XIV w. i Wysoka Brama z XIV w.<\/li>\n<li><b><a href=\"http:\/\/www.portel.pl\/artykul.php3?i=1746\">Jezioro Dru\u017cno<\/a><\/b> \u2013 rezerwat, miejsce legowe ptactwa wodnego i b\u0142otnego\n<p><figure id=\"attachment_288\" aria-describedby=\"caption-attachment-288\" style=\"width: 300px\" class=\"wp-caption alignright\"><img loading=\"lazy\" class=\"size-medium wp-image-288\" src=\"http:\/\/jantar-gizycko.eu\/gosciniec\/wp-content\/uploads\/2017\/03\/DSC_0697-300x169.jpg\" alt=\"Pla\u017ca Miejska w Gi\u017cycku\" width=\"300\" height=\"169\" srcset=\"https:\/\/jantar-gizycko.eu\/gosciniec\/wp-content\/uploads\/2017\/03\/DSC_0697-300x169.jpg 300w, https:\/\/jantar-gizycko.eu\/gosciniec\/wp-content\/uploads\/2017\/03\/DSC_0697-768x432.jpg 768w, https:\/\/jantar-gizycko.eu\/gosciniec\/wp-content\/uploads\/2017\/03\/DSC_0697-1024x576.jpg 1024w, https:\/\/jantar-gizycko.eu\/gosciniec\/wp-content\/uploads\/2017\/03\/DSC_0697-750x422.jpg 750w\" sizes=\"(max-width: 300px) 100vw, 300px\" \/><figcaption id=\"caption-attachment-288\" class=\"wp-caption-text\"><span style=\"font-size: 10pt;\">Pla\u017ca Miejska w Gi\u017cycku<\/span><\/figcaption><\/figure><\/li>\n<li><strong><a href=\"http:\/\/www.miejsca.atrybuty.net\/park-krajobrazowy-wzgorz-dylewskich.html\">Park Krajobrazowy Wzg\u00f3rz Dylewskich<\/a><\/strong><\/li>\n<\/ul>\n<p>&nbsp;<\/p>\n<p>&nbsp;<\/p>\n<p>&nbsp;<\/p>\n<p>&nbsp;<\/p>\n<p>&nbsp;<\/p>\n<p>&nbsp;<\/p>\n<p>&nbsp;<\/p>\n<p>&nbsp;<\/p>\n","protected":false},"excerpt":{"rendered":"<p>Go\u015bciniec Jantar usytuowany jest w stolicy mazurskiej krainy \u2013 Gi\u017cycku. Zapraszaj\u0105c Pa\u0144stwa do sp\u0119dzenia kilku dni ze swojego urlopu, mamy nadziej\u0119, \u017ce znajdziecie tu wszystko to czego nie mo\u017cna znale\u017a\u0107 gdzie indziej. Rozleg\u0142e akweny wodne i masywy le\u015bne w tym jeden z najd\u0142u\u017cszych w \u015bwiecie szlak wodny po\u0142\u0105czonych ze sob\u0105 jezior mazurskich oraz obfituj\u0105ce w [&hellip;]<\/p>\n","protected":false},"author":1,"featured_media":260,"parent":0,"menu_order":0,"comment_status":"closed","ping_status":"closed","template":"page_fullwidth.php","meta":[],"yoast_head":"<!-- This site is optimized with the Yoast SEO plugin v16.3 - https:\/\/yoast.com\/wordpress\/plugins\/seo\/ -->\n<title>w okolicy -Go\u015bciniec Jantar w okolicy - usytuowany jest w stolicy mazurskiej krain<\/title>\n<meta name=\"description\" content=\"Go\u015bciniec Jantar usytuowany jest w stolicy mazurskiej krainy \u2013 Gi\u017cycku. Zapraszaj\u0105c Pa\u0144stwa do sp\u0119dzenia kilku dni Go\u015bciniec Jantar w okolicy\" \/>\n<meta name=\"robots\" content=\"index, follow, max-snippet:-1, max-image-preview:large, max-video-preview:-1\" \/>\n<link rel=\"canonical\" href=\"https:\/\/jantar-gizycko.eu\/gosciniec\/w-okolicy\/\" \/>\n<meta property=\"og:locale\" content=\"pl_PL\" \/>\n<meta property=\"og:type\" content=\"article\" \/>\n<meta property=\"og:title\" content=\"w okolicy -Go\u015bciniec Jantar w okolicy - usytuowany jest w stolicy mazurskiej krain\" \/>\n<meta property=\"og:description\" content=\"Go\u015bciniec Jantar usytuowany jest w stolicy mazurskiej krainy \u2013 Gi\u017cycku. Zapraszaj\u0105c Pa\u0144stwa do sp\u0119dzenia kilku dni Go\u015bciniec Jantar w okolicy\" \/>\n<meta property=\"og:url\" content=\"https:\/\/jantar-gizycko.eu\/gosciniec\/w-okolicy\/\" \/>\n<meta property=\"og:site_name\" content=\"Go\u015bciniec Jantar - Gi\u017cycko\" \/>\n<meta property=\"article:modified_time\" content=\"2017-07-04T18:58:28+00:00\" \/>\n<meta property=\"og:image\" content=\"http:\/\/jantar-gizycko.eu\/gosciniec\/wp-content\/uploads\/2017\/03\/jantar-gosciniec.jpg\" \/>\n\t<meta property=\"og:image:width\" content=\"200\" \/>\n\t<meta property=\"og:image:height\" content=\"200\" \/>\n<meta name=\"twitter:card\" content=\"summary\" \/>\n<meta name=\"twitter:label1\" content=\"Szacowany czas czytania\">\n\t<meta name=\"twitter:data1\" content=\"2 minuty\">\n<script type=\"application\/ld+json\" class=\"yoast-schema-graph\">{\"@context\":\"https:\/\/schema.org\",\"@graph\":[{\"@type\":\"Organization\",\"@id\":\"https:\/\/jantar-gizycko.eu\/gosciniec\/#organization\",\"name\":\"Go\\u015bciniec Jantar Gi\\u017cycko\",\"url\":\"https:\/\/jantar-gizycko.eu\/gosciniec\/\",\"sameAs\":[],\"logo\":{\"@type\":\"ImageObject\",\"@id\":\"https:\/\/jantar-gizycko.eu\/gosciniec\/#logo\",\"inLanguage\":\"pl-PL\",\"url\":\"http:\/\/jantar-gizycko.eu\/gosciniec\/wp-content\/uploads\/2017\/03\/gosciniec-logo-ok.png\",\"contentUrl\":\"http:\/\/jantar-gizycko.eu\/gosciniec\/wp-content\/uploads\/2017\/03\/gosciniec-logo-ok.png\",\"width\":1500,\"height\":1000,\"caption\":\"Go\\u015bciniec Jantar Gi\\u017cycko\"},\"image\":{\"@id\":\"https:\/\/jantar-gizycko.eu\/gosciniec\/#logo\"}},{\"@type\":\"WebSite\",\"@id\":\"https:\/\/jantar-gizycko.eu\/gosciniec\/#website\",\"url\":\"https:\/\/jantar-gizycko.eu\/gosciniec\/\",\"name\":\"Go\\u015bciniec Jantar - Gi\\u017cycko\",\"description\":\"Pokoje hotelowe\",\"publisher\":{\"@id\":\"https:\/\/jantar-gizycko.eu\/gosciniec\/#organization\"},\"potentialAction\":[{\"@type\":\"SearchAction\",\"target\":\"https:\/\/jantar-gizycko.eu\/gosciniec\/?s={search_term_string}\",\"query-input\":\"required name=search_term_string\"}],\"inLanguage\":\"pl-PL\"},{\"@type\":\"ImageObject\",\"@id\":\"https:\/\/jantar-gizycko.eu\/gosciniec\/w-okolicy\/#primaryimage\",\"inLanguage\":\"pl-PL\",\"url\":\"https:\/\/jantar-gizycko.eu\/gosciniec\/wp-content\/uploads\/2017\/03\/jantar-gosciniec.jpg\",\"contentUrl\":\"https:\/\/jantar-gizycko.eu\/gosciniec\/wp-content\/uploads\/2017\/03\/jantar-gosciniec.jpg\",\"width\":200,\"height\":200,\"caption\":\"Obiekt Go\\u015bciniec Jantar\"},{\"@type\":\"WebPage\",\"@id\":\"https:\/\/jantar-gizycko.eu\/gosciniec\/w-okolicy\/#webpage\",\"url\":\"https:\/\/jantar-gizycko.eu\/gosciniec\/w-okolicy\/\",\"name\":\"w okolicy -Go\\u015bciniec Jantar w okolicy - usytuowany jest w stolicy mazurskiej krain\",\"isPartOf\":{\"@id\":\"https:\/\/jantar-gizycko.eu\/gosciniec\/#website\"},\"primaryImageOfPage\":{\"@id\":\"https:\/\/jantar-gizycko.eu\/gosciniec\/w-okolicy\/#primaryimage\"},\"datePublished\":\"2017-03-25T14:18:54+00:00\",\"dateModified\":\"2017-07-04T18:58:28+00:00\",\"description\":\"Go\\u015bciniec Jantar usytuowany jest w stolicy mazurskiej krainy \\u2013 Gi\\u017cycku. Zapraszaj\\u0105c Pa\\u0144stwa do sp\\u0119dzenia kilku dni Go\\u015bciniec Jantar w okolicy\",\"breadcrumb\":{\"@id\":\"https:\/\/jantar-gizycko.eu\/gosciniec\/w-okolicy\/#breadcrumb\"},\"inLanguage\":\"pl-PL\",\"potentialAction\":[{\"@type\":\"ReadAction\",\"target\":[\"https:\/\/jantar-gizycko.eu\/gosciniec\/w-okolicy\/\"]}]},{\"@type\":\"BreadcrumbList\",\"@id\":\"https:\/\/jantar-gizycko.eu\/gosciniec\/w-okolicy\/#breadcrumb\",\"itemListElement\":[{\"@type\":\"ListItem\",\"position\":1,\"item\":{\"@type\":\"WebPage\",\"@id\":\"https:\/\/jantar-gizycko.eu\/gosciniec\/\",\"url\":\"https:\/\/jantar-gizycko.eu\/gosciniec\/\",\"name\":\"Strona g\\u0142\\u00f3wna\"}},{\"@type\":\"ListItem\",\"position\":2,\"item\":{\"@id\":\"https:\/\/jantar-gizycko.eu\/gosciniec\/w-okolicy\/#webpage\"}}]}]}<\/script>\n<!-- \/ Yoast SEO plugin. -->","_links":{"self":[{"href":"https:\/\/jantar-gizycko.eu\/gosciniec\/wp-json\/wp\/v2\/pages\/30"}],"collection":[{"href":"https:\/\/jantar-gizycko.eu\/gosciniec\/wp-json\/wp\/v2\/pages"}],"about":[{"href":"https:\/\/jantar-gizycko.eu\/gosciniec\/wp-json\/wp\/v2\/types\/page"}],"author":[{"embeddable":true,"href":"https:\/\/jantar-gizycko.eu\/gosciniec\/wp-json\/wp\/v2\/users\/1"}],"replies":[{"embeddable":true,"href":"https:\/\/jantar-gizycko.eu\/gosciniec\/wp-json\/wp\/v2\/comments?post=30"}],"version-history":[{"count":16,"href":"https:\/\/jantar-gizycko.eu\/gosciniec\/wp-json\/wp\/v2\/pages\/30\/revisions"}],"predecessor-version":[{"id":292,"href":"https:\/\/jantar-gizycko.eu\/gosciniec\/wp-json\/wp\/v2\/pages\/30\/revisions\/292"}],"wp:featuredmedia":[{"embeddable":true,"href":"https:\/\/jantar-gizycko.eu\/gosciniec\/wp-json\/wp\/v2\/media\/260"}],"wp:attachment":[{"href":"https:\/\/jantar-gizycko.eu\/gosciniec\/wp-json\/wp\/v2\/media?parent=30"}],"curies":[{"name":"wp","href":"https:\/\/api.w.org\/{rel}","templated":true}]}}