{"id":28,"date":"2017-03-25T15:18:28","date_gmt":"2017-03-25T14:18:28","guid":{"rendered":"http:\/\/jantar-gizycko.eu\/gosciniec\/?page_id=28"},"modified":"2017-08-24T10:33:04","modified_gmt":"2017-08-24T08:33:04","slug":"kontakt","status":"publish","type":"page","link":"https:\/\/jantar-gizycko.eu\/gosciniec\/kontakt\/","title":{"rendered":"Kontakt"},"content":{"rendered":"\n\t\t<div id=\"intergeo_mapwUTM\" class=\"intergeo_map_canvas\" style=\"width:100%;height:300px;width:100%;height:300 px;\"><\/div>\n\t\t<script type=\"text\/javascript\">\n\t\t\t\/* <![CDATA[ *\/\n\t\t\tif (!window.intergeo_maps) window.intergeo_maps = [];\n\t\t\twindow.intergeo_maps.push( { container: 'intergeo_mapwUTM', options: {\"lat\":54.0357047181,\"lng\":21.7712254747,\"zoom\":17,\"overlays\":{\"marker\":[{\"position\":[\"54.03565\",\"21.773578\"],\"icon\":false,\"info\":\"<p style=\\\"text-align: center;\\\" data-mce-style=\\\"text-align: center;\\\"><strong>Go\\u015bciniec Jantar - Gi\\u017cycko<\\\/strong><\\\/p><p style=\\\"text-align: center;\\\" data-mce-style=\\\"text-align: center;\\\">ul. Warszawska 10, 11-500 Gi\\u017cycko<\\\/p><p style=\\\"text-align: center;\\\" data-mce-style=\\\"text-align: center;\\\"><strong>tel: +48 734 440 291<\\\/strong><\\\/p><p style=\\\"text-align: center;\\\" data-mce-style=\\\"text-align: center;\\\"><strong>e-mail: <a href=\\\"mailto:kontakt@jantar-gizycko.eu\\\" target=\\\"_blank\\\">kontakt@jantar-gizycko.eu<\\\/a><\\\/strong><\\\/p>\",\"title\":\"Go\\u015bciniec Jantar - Gi\\u017cycko\",\"loc\":\"Warszawska 10, Gi\\u017cycko\"}]}} } );\n\t\t\tif (!window.intergeo_maps_current) window.intergeo_maps_current = null;\n\t\t\t\/* ]]> *\/\n\t\t<\/script>\n\t\t\n<div class=\"ezcol ezcol-one-half\">\n<h2><\/h2>\n<p><img loading=\"lazy\" class=\"aligncenter wp-image-105 size-medium\" src=\"http:\/\/jantar-gizycko.eu\/gosciniec\/wp-content\/uploads\/2017\/03\/cropped-logo-na-stron\u0119-300x64.png\" alt=\"kontakt Go\u015bciniec Jantar\" width=\"300\" height=\"64\" srcset=\"https:\/\/jantar-gizycko.eu\/gosciniec\/wp-content\/uploads\/2017\/03\/cropped-logo-na-stron\u0119-300x64.png 300w, https:\/\/jantar-gizycko.eu\/gosciniec\/wp-content\/uploads\/2017\/03\/cropped-logo-na-stron\u0119.png 700w\" sizes=\"(max-width: 300px) 100vw, 300px\" \/><\/p>\n<h3 style=\"text-align: center;\"><strong>ul. Warszawska 10, 11-500 Gi\u017cycko<\/strong><\/h3>\n<h3 style=\"text-align: center;\"><strong>tel: +48 734 440 291<\/strong><\/h3>\n<h3 style=\"text-align: center;\"><strong>e-mail: <a href=\"mailto:kontakt@jantar-gizycko.eu\" target=\"_blank\" rel=\"noopener noreferrer\">kontakt@jantar-gizycko.eu<\/a><\/strong><\/h3>\n<\/div> <div class=\"ezcol ezcol-one-half ezcol-last\">\r\n    <!-- START JS for Form ID: 162 -->\r\n\t<script type=\"text\/javascript\">\r\n\t\tjQuery(document).ready(function($) {\r\n\t\t\t\r\n\t\tjQuery(\"#preloader-fphuzv\").fadeOut(500, function () {\r\n\t\t\tjQuery(\"#ecf-form-fphuzv\").fadeIn(300);\r\n\t\t\t});\r\n\t\t\t\r\n\t\t\tLadda.bind('.ladda-button');\r\n\r\n\t\t\t$(function() {\r\n\t\t\t\t\r\n\t\t\t\t\t\t\r\n\t\t\t\t\/\/ Validation\r\n\t\t\t\t$(\"#form-fphuzv\").validate(\r\n\t\t\t\t{\t\t\t\t\t\r\n\t\t\t\t\t\/\/ Rules for form validation\r\n\t\t\t\t\trules:\r\n\t\t\t\t\t{\r\n\t\t\t\t\tname0:{required: true},email1:{required: true,email: true},text2:{required: true},message3:{required: true,minlength: 10},\r\n\t\t\t\t\t\t\t\r\n\t\t\t\t\t\t\t\t\t\r\n\t\t\t\t\t},\r\n\t\t\t\t\t\t\t\t\t\t\r\n\t\t\t\t\t\/\/ Messages for form validation\r\n\t\t\t\t\tmessages:\r\n\t\t\t\t\t{\r\n\t\t\t\t\tname0:{required: \"To pole jest wymagane\"},email1:{required: \"To pole jest wymagane\"},text2:{required: \"To pole jest wymagane\"},message3:{required: \"To pole jest wymagane\"}\t\t\t\t\t},\t\t\t\t\t\r\n\t\t\t\t\t\/\/ Do not change code below\r\n\t\t\t\t\terrorPlacement: function(error, element) {\r\n\t\t\t\t\t\terror.insertAfter(element.parent());\r\n\t\t\t\t\t\t},\r\n\t\t\t\t\t\t\r\n\t\t\t\t\tsubmitHandler: function (form) {\r\n\t\t\t\t\t\t\t\t\t\t ecf_onsubmit(jQuery('.form-fphuzv'));\r\n\t\t\t\t\t\t \r\n\t\t\t\t\t\t \t\t\t\t\t\t \r\n\t\t\t\t\t\t },\r\n\t\t\t\t\t\t \r\n\t\t\t\t\tinvalidHandler: function (form) {\t\r\n\t\t\t\t\t\tLadda.stopAll();\r\n\t\t\t\t\t \t},\r\n\t\t\t\t\t\t \r\n\t\t\t\t\tonkeyup: false,\r\n\t\t\t\t\tonfocusout: false,\r\n\t\t\t\t\tonclick: false\r\n\t\t\t\t\t\r\n\t\t\t\t});\r\n\t\t\t});\t\r\n\t\t\t\r\n\t\t\t\r\n\t\t\t\/* Form Submit ( Ajax ) *\/\r\n\t\t\tfunction ecf_onsubmit(form){\t\r\n\r\n\t\t\t\tif(form.attr('action')=='#'){\r\n\t\t\t\t\t\r\n\t\t\t\t\tdata = {};\r\n\t\t\t\t\teldat = [];\r\n\t\t\t\t\tdata['action'] = 'ecf_deliver_mail';\r\n\t\t\t\t\tdata['formid'] = '162';\r\n\t\t\t\t\tdata['security'] = '6d2f3dc9ad';\r\n\t\t\r\n\t\t\r\n\t\t\t\t\t\t\r\n\t\t\t\t\tjQuery('input, textarea', form).each(function(key){\r\n\t\t\t\t\t\t\r\n\t\t\t\t\t\titems = {};\r\n\t\t\t\t\t\t\r\n\t\t\t\t\t\tif (typeof $(this).data('type') === 'undefined') { return true; }\r\n\t\t\t\t\t\t\r\n\r\n\t\t\t\t\t\t\r\n\t\t\t\t\t\titems['type'] = $(this).data('type');\r\n\t\t\t\t\t\titems['label'] = $(this).data('label');\r\n\t\t\t\t\t\titems['value'] = this.value;\r\n\t\t\t\t\t\titems['name'] = this.name;\r\n\r\n\t\t\t\t\t\teldat.push(items);\r\n\t\t\t\t\t\t\t\r\n\t\t\t\t\t\t}); \/\/ END  form).each(function(key){\r\n\t\t\t\t\t\t\t\r\n\r\n\t\t\t\t\t\t\t\t\t\t\t\t\t\r\n\r\n\t\t\t\t\t\tdata['allelmnt'] = JSON.stringify(eldat);\r\n\r\n\t\t\t\t\t\tsubmitForm();\r\n\t\t\t\t\r\n\t\t\t\t\treturn false;\r\n\t\t\t\t\t\r\n\t\t\t\t} \/\/ End if(form.attr('action')=='#'){\r\n\t\t\t\t\r\n\t\t\t} \/\/ End ecf_onsubmit \r\n\t\t\t\r\n\t\t\t\/\/ Start submitForm\t\t\r\n\t\t\t  function submitForm() {\r\n\t\t\t\t  \r\n\t\t\t\tjQuery.ajax({\r\n\t\t\t\t\turl: 'https:\/\/jantar-gizycko.eu\/gosciniec\/wp-admin\/admin-ajax.php', \r\n\t\t\t\t\ttype: 'POST',\r\n\t\t\t\t\tdataType: 'json',\r\n\t\t\t\t\tdata: data, \r\n\t\t\t\t\tsuccess: function(data) {\r\n\t\t\t\t\r\n\t\t\t\t\t\tif(data.Ok==true) {\r\n\t\t\t\t\t\t\t\t\t\/\/ success\r\n\t\t\t\t\t\t\t$(\"#form-fphuzv\").get(0).reset();\t\r\n\t\t\t\t\t\t\t\t\r\n\t\t\t\t\t\t\tif(data.msg == 'redirect') {\r\n\t\t\t\t\t\t\t\twindow.location = \"http:\/\/\";\r\n\t\t\t\t\t\t\t\t} else {\r\n\t\t\t\t\t\t\t\t\tnotifyme('Dzi\u0119kujemy. Twoja wiadomo\u015b\u0107 zosta\u0142a wys\u0142ana!', 'n', 'success', 'left middle');\r\n\t\t\t\t\t\t\t\t\t}\r\n\t\t\r\n\t\t\t\t\t\t\t}\r\n\t\t\t\t\t\t\telse {\r\n\t\t\t\t\t\t\t\t$(\"#form-fphuzv\").get(0).reset();\r\n\t\t\t\t\t\t\t\tnotifyme(data.msg, 'n', 'error', 'left middle');\r\n\t\t\t\t\t\t\t\t}\r\n\t\t\t\t\t\t\t\t\r\n\t\t\t\t\t\t\tLadda.stopAll();\r\n\t\t\t\t\t\t\t\t\t\r\n\t\t\t\t\t\t\t}\r\n\t\t\t\t\t\t});\r\n\t\t\t\t\t\t\r\n\t\t\t\t\t\t\t\t\t\t\r\n\t\t\t\t\t} \/\/ End submitForm\r\n\t\r\n\t\t\t\t\t\r\n\t\t\t\/\/ Notify\t\r\n\t\t\t  function notifyme(msg, b, typ, pos) {\r\n\t\t\t\t  if (b == 'n') {\r\n\t\t\t\t\t  b = 'cf-submittedfphuzv';\r\n\t\t\t\t  } else {\r\n\t\t\t\t\t b = 'atcfphuzv';\r\n\t\t\t\t  }\r\n\t\t\t\t  \r\n\t\t\t\t  $(\"#\"+b).gnotify(msg,{\r\n\t\t\t\t\t  style: \"nbootstrap\",\r\n\t\t\t\t\t  elementPosition: pos,\r\n\t\t\t\t\t  className: typ\r\n\t\t\t\t\t  });\r\n\t\t\t\t\t  \r\n\t\t\t\t\t  msg = null;\r\n\t\t\t\t\t  typ = null;\r\n\t\t\t\t\t  \r\n\t\t\t\t\t}\r\n\r\n\t\t});\t\t\r\n\t\t<\/script>\r\n    <!-- END JS for Form ID: 162 -->\r\n    \r\n    \r\n    \t\r\n    \r\n<!-- START Form Markup for Form ID: 162 -->\r\n<div id=\"preloader-fphuzv\" class=\"ecfpreloader\"><\/div>   \r\n    <div id=\"ecf-form-fphuzv\" class=\"ecf-body\" style=\"display:none;\">\t\t\t\t\t\r\n\t\t<form method=\"post\" enctype=\"multipart\/form-data\" action=\"#\" id=\"form-fphuzv\" class=\"ecf-form form-fphuzv\">\r\n        \t    \t\t<fieldset>\t\r\n    <section><label class=\"label\">Imi\u0119 i nazwisko<\/label><label class=\"input\"><input data-type=\"name\" data-label=\"Imi\u0119 i nazwisko\" id=\"name0\" type=\"text\" name=\"name0\" \/><\/label><\/section><section><label class=\"label\">Adres e-mail<\/label><label class=\"input\"><input data-type=\"email\" data-label=\"Adres e-mail\" id=\"email1\" type=\"text\" name=\"email1\" \/><\/label><\/section><section><label class=\"label\">Temat wiadomo\u015bci<\/label><label class=\"input\"><input data-type=\"text\" data-label=\"Temat wiadomo\u015bci\" id=\"text2\" type=\"text\" name=\"text2\" \/><\/label><\/section><section><label class=\"label\">Tre\u015b\u0107 wiadomo\u015bci<\/label><label class=\"textarea\"><textarea data-type=\"message\" data-label=\"Tre\u015b\u0107 wiadomo\u015bci\" id=\"message3\" name=\"message3\" rows=\"7\" ><\/textarea><\/label><\/section>      \r\n        \r\n\t\t\t\t        \r\n         \r\n       \t\t <\/fieldset>\r\n        \t\t<footer>\r\n                    <button data-style=\"slide-down\" id=\"cf-submittedfphuzv\" class=\"ecfbutton ladda-button\" type=\"submit\" name=\"cf-submittedfphuzv\"><span class=\"ladda-label\">SEND<\/span><\/button> \r\n\t\t\t\t<\/footer>\r\n\t\t\t<\/form>\r\n            \r\n                        \r\n            <\/div>  \r\n<!-- END Form Markup for Form ID: 162 -->\r\n\t\t\t\r\n\t\r\n<\/div><div class=\"ezcol-divider\"><\/div><\/p>\n<h2>Kontakt Jantar<\/h2>\n<p>Skontaktuj si\u0119 z nami w sprawie rezerwacji &#8211; kontakt@jantar-gizycko.eu \u00a0&#8211; ch\u0119tnie odpowiemy.<\/p>\n<p>Prosimy o dokonywanie rezerwacji telefonicznych w godzinach 10.00-18.00.<\/p>\n","protected":false},"excerpt":{"rendered":"<p>Kontakt Jantar Skontaktuj si\u0119 z nami w sprawie rezerwacji &#8211; kontakt@jantar-gizycko.eu \u00a0&#8211; ch\u0119tnie odpowiemy. Prosimy o dokonywanie rezerwacji telefonicznych w godzinach 10.00-18.00.<\/p>\n","protected":false},"author":1,"featured_media":260,"parent":0,"menu_order":0,"comment_status":"closed","ping_status":"closed","template":"page_fullwidth.php","meta":[],"yoast_head":"<!-- This site is optimized with the Yoast SEO plugin v16.3 - https:\/\/yoast.com\/wordpress\/plugins\/seo\/ -->\n<title>Kontakt Jantar Gi\u017cycko - ul. Warszawska 10, 11-500 Gi\u017cycko tel: +48 734 440 291<\/title>\n<meta name=\"description\" content=\"ul. Warszawska 10, 11-500 Gi\u017cycko tel: +48 734 440 291 e-mail: kontakt@jantar-gizycko.eu Kontakt Go\u015bciniec Jantar Gi\u017cycko\" \/>\n<meta name=\"robots\" content=\"index, follow, max-snippet:-1, max-image-preview:large, max-video-preview:-1\" \/>\n<link rel=\"canonical\" href=\"https:\/\/jantar-gizycko.eu\/gosciniec\/kontakt\/\" \/>\n<meta property=\"og:locale\" content=\"pl_PL\" \/>\n<meta property=\"og:type\" content=\"article\" \/>\n<meta property=\"og:title\" content=\"Kontakt Jantar Gi\u017cycko - ul. Warszawska 10, 11-500 Gi\u017cycko tel: +48 734 440 291\" \/>\n<meta property=\"og:description\" content=\"ul. Warszawska 10, 11-500 Gi\u017cycko tel: +48 734 440 291 e-mail: kontakt@jantar-gizycko.eu Kontakt Go\u015bciniec Jantar Gi\u017cycko\" \/>\n<meta property=\"og:url\" content=\"https:\/\/jantar-gizycko.eu\/gosciniec\/kontakt\/\" \/>\n<meta property=\"og:site_name\" content=\"Go\u015bciniec Jantar - Gi\u017cycko\" \/>\n<meta property=\"article:modified_time\" content=\"2017-08-24T08:33:04+00:00\" \/>\n<meta property=\"og:image\" content=\"http:\/\/jantar-gizycko.eu\/gosciniec\/wp-content\/uploads\/2017\/03\/jantar-gosciniec.jpg\" \/>\n\t<meta property=\"og:image:width\" content=\"200\" \/>\n\t<meta property=\"og:image:height\" content=\"200\" \/>\n<meta name=\"twitter:card\" content=\"summary\" \/>\n<script type=\"application\/ld+json\" class=\"yoast-schema-graph\">{\"@context\":\"https:\/\/schema.org\",\"@graph\":[{\"@type\":\"Organization\",\"@id\":\"https:\/\/jantar-gizycko.eu\/gosciniec\/#organization\",\"name\":\"Go\\u015bciniec Jantar Gi\\u017cycko\",\"url\":\"https:\/\/jantar-gizycko.eu\/gosciniec\/\",\"sameAs\":[],\"logo\":{\"@type\":\"ImageObject\",\"@id\":\"https:\/\/jantar-gizycko.eu\/gosciniec\/#logo\",\"inLanguage\":\"pl-PL\",\"url\":\"http:\/\/jantar-gizycko.eu\/gosciniec\/wp-content\/uploads\/2017\/03\/gosciniec-logo-ok.png\",\"contentUrl\":\"http:\/\/jantar-gizycko.eu\/gosciniec\/wp-content\/uploads\/2017\/03\/gosciniec-logo-ok.png\",\"width\":1500,\"height\":1000,\"caption\":\"Go\\u015bciniec Jantar Gi\\u017cycko\"},\"image\":{\"@id\":\"https:\/\/jantar-gizycko.eu\/gosciniec\/#logo\"}},{\"@type\":\"WebSite\",\"@id\":\"https:\/\/jantar-gizycko.eu\/gosciniec\/#website\",\"url\":\"https:\/\/jantar-gizycko.eu\/gosciniec\/\",\"name\":\"Go\\u015bciniec Jantar - Gi\\u017cycko\",\"description\":\"Pokoje hotelowe\",\"publisher\":{\"@id\":\"https:\/\/jantar-gizycko.eu\/gosciniec\/#organization\"},\"potentialAction\":[{\"@type\":\"SearchAction\",\"target\":\"https:\/\/jantar-gizycko.eu\/gosciniec\/?s={search_term_string}\",\"query-input\":\"required name=search_term_string\"}],\"inLanguage\":\"pl-PL\"},{\"@type\":\"ImageObject\",\"@id\":\"https:\/\/jantar-gizycko.eu\/gosciniec\/kontakt\/#primaryimage\",\"inLanguage\":\"pl-PL\",\"url\":\"https:\/\/jantar-gizycko.eu\/gosciniec\/wp-content\/uploads\/2017\/03\/jantar-gosciniec.jpg\",\"contentUrl\":\"https:\/\/jantar-gizycko.eu\/gosciniec\/wp-content\/uploads\/2017\/03\/jantar-gosciniec.jpg\",\"width\":200,\"height\":200,\"caption\":\"Obiekt Go\\u015bciniec Jantar\"},{\"@type\":\"WebPage\",\"@id\":\"https:\/\/jantar-gizycko.eu\/gosciniec\/kontakt\/#webpage\",\"url\":\"https:\/\/jantar-gizycko.eu\/gosciniec\/kontakt\/\",\"name\":\"Kontakt Jantar Gi\\u017cycko - ul. Warszawska 10, 11-500 Gi\\u017cycko tel: +48 734 440 291\",\"isPartOf\":{\"@id\":\"https:\/\/jantar-gizycko.eu\/gosciniec\/#website\"},\"primaryImageOfPage\":{\"@id\":\"https:\/\/jantar-gizycko.eu\/gosciniec\/kontakt\/#primaryimage\"},\"datePublished\":\"2017-03-25T14:18:28+00:00\",\"dateModified\":\"2017-08-24T08:33:04+00:00\",\"description\":\"ul. Warszawska 10, 11-500 Gi\\u017cycko tel: +48 734 440 291 e-mail: kontakt@jantar-gizycko.eu Kontakt Go\\u015bciniec Jantar Gi\\u017cycko\",\"breadcrumb\":{\"@id\":\"https:\/\/jantar-gizycko.eu\/gosciniec\/kontakt\/#breadcrumb\"},\"inLanguage\":\"pl-PL\",\"potentialAction\":[{\"@type\":\"ReadAction\",\"target\":[\"https:\/\/jantar-gizycko.eu\/gosciniec\/kontakt\/\"]}]},{\"@type\":\"BreadcrumbList\",\"@id\":\"https:\/\/jantar-gizycko.eu\/gosciniec\/kontakt\/#breadcrumb\",\"itemListElement\":[{\"@type\":\"ListItem\",\"position\":1,\"item\":{\"@type\":\"WebPage\",\"@id\":\"https:\/\/jantar-gizycko.eu\/gosciniec\/\",\"url\":\"https:\/\/jantar-gizycko.eu\/gosciniec\/\",\"name\":\"Strona g\\u0142\\u00f3wna\"}},{\"@type\":\"ListItem\",\"position\":2,\"item\":{\"@id\":\"https:\/\/jantar-gizycko.eu\/gosciniec\/kontakt\/#webpage\"}}]}]}<\/script>\n<!-- \/ Yoast SEO plugin. -->","_links":{"self":[{"href":"https:\/\/jantar-gizycko.eu\/gosciniec\/wp-json\/wp\/v2\/pages\/28"}],"collection":[{"href":"https:\/\/jantar-gizycko.eu\/gosciniec\/wp-json\/wp\/v2\/pages"}],"about":[{"href":"https:\/\/jantar-gizycko.eu\/gosciniec\/wp-json\/wp\/v2\/types\/page"}],"author":[{"embeddable":true,"href":"https:\/\/jantar-gizycko.eu\/gosciniec\/wp-json\/wp\/v2\/users\/1"}],"replies":[{"embeddable":true,"href":"https:\/\/jantar-gizycko.eu\/gosciniec\/wp-json\/wp\/v2\/comments?post=28"}],"version-history":[{"count":24,"href":"https:\/\/jantar-gizycko.eu\/gosciniec\/wp-json\/wp\/v2\/pages\/28\/revisions"}],"predecessor-version":[{"id":309,"href":"https:\/\/jantar-gizycko.eu\/gosciniec\/wp-json\/wp\/v2\/pages\/28\/revisions\/309"}],"wp:featuredmedia":[{"embeddable":true,"href":"https:\/\/jantar-gizycko.eu\/gosciniec\/wp-json\/wp\/v2\/media\/260"}],"wp:attachment":[{"href":"https:\/\/jantar-gizycko.eu\/gosciniec\/wp-json\/wp\/v2\/media?parent=28"}],"curies":[{"name":"wp","href":"https:\/\/api.w.org\/{rel}","templated":true}]}}