{"id":26,"date":"2017-03-25T15:18:09","date_gmt":"2017-03-25T14:18:09","guid":{"rendered":"http:\/\/jantar-gizycko.eu\/gosciniec\/?page_id=26"},"modified":"2026-01-14T11:22:34","modified_gmt":"2026-01-14T10:22:34","slug":"cennik","status":"publish","type":"page","link":"https:\/\/jantar-gizycko.eu\/gosciniec\/cennik\/","title":{"rendered":"Cennik"},"content":{"rendered":"<h4>Zapraszamy do rezerwacji w Go\u015bci\u0144cu Jantar. Prosimy o dokonywanie rezerwacji telefonicznych w godzinach 10.00-18.00. Obowi\u0105zuje op\u0142ata klimatyczna, kt\u00f3ra w Gi\u017cycku wynosi 3,30 z\u0142 za\u00a0 osob\u0119 za\u00a0 dzie\u0144 .<\/h4>\n<h1 style=\"text-align: center;\"><em><strong>Cena pokoju za dob\u0119 bez \u015bniadania<\/strong><\/em><\/h1>\n<table style=\"height: 316px; width: 77.8915%;\">\n<tbody>\n<tr style=\"height: 104px;\">\n<td style=\"background-color: #ebebeb; height: 104px; width: 22.0644%;\"><strong>TERMIN<\/strong><\/td>\n<td style=\"background-color: #ebebeb; height: 104px; width: 15.0568%;\"><em>pok\u00f3j do wykorzystania dla 1 osoby<\/em><\/td>\n<td style=\"background-color: #ebebeb; height: 104px; width: 15.5303%;\"><em>pok\u00f3j 2-osobowy\/<br \/>\n\u0142\u00f3zka\u00a0pojedyncze<\/em><\/td>\n<td style=\"background-color: #ebebeb; height: 104px; width: 13.1629%;\"><em>pok\u00f3j 3-osobowy\/<br \/>\n\u0142\u00f3\u017cka pojedyncze<\/em><\/td>\n<td style=\"background-color: #ebebeb; height: 104px; width: 15.59%;\"><em>pok\u00f3j 3\/4 -osobowy z<br \/>\n\u0142\u00f3\u017ckiem\u00a0podw\u00f3jnym\u00a0i kanap\u0105-rodzinny\u00a0<\/em><\/td>\n<\/tr>\n<tr style=\"height: 26px;\">\n<td style=\"background-color: #f5f5f5; width: 22.0644%; height: 26px;\"><b>01.02-31.03.2026<\/b><\/td>\n<td style=\"background-color: #f5f5f5; width: 15.0568%; height: 26px;\">240 z\u0142<\/td>\n<td style=\"background-color: #f5f5f5; width: 15.5303%; height: 26px;\">240 z\u0142<\/td>\n<td style=\"background-color: #f5f5f5; width: 13.1629%; height: 26px;\">300 z\u0142<\/td>\n<td style=\"background-color: #f5f5f5; width: 15.59%; height: 26px;\">320z\u0142<\/td>\n<\/tr>\n<tr style=\"height: 26px;\">\n<td style=\"background-color: #f5f5f5; width: 22.0644%; height: 26px;\"><b>01.04-07.04.2026<\/b><\/td>\n<td style=\"background-color: #f5f5f5; width: 15.0568%; height: 26px;\">260 z\u0142<\/td>\n<td style=\"background-color: #f5f5f5; width: 15.5303%; height: 26px;\">270 z\u0142<\/td>\n<td style=\"background-color: #f5f5f5; width: 13.1629%; height: 26px;\">330 z\u0142<\/td>\n<td style=\"background-color: #f5f5f5; width: 15.59%; height: 26px;\">350 z\u0142<\/td>\n<\/tr>\n<tr>\n<td style=\"background-color: #f5f5f5; width: 22.0644%;\"><b>08.04-27.04.2026<\/b><\/td>\n<td style=\"background-color: #f5f5f5; width: 15.0568%;\">250 z\u0142<\/td>\n<td style=\"background-color: #f5f5f5; width: 15.5303%;\">260 z\u0142<\/td>\n<td style=\"background-color: #f5f5f5; width: 13.1629%;\">320 z\u0142<\/td>\n<td style=\"background-color: #f5f5f5; width: 15.59%;\">340 z\u0142<\/td>\n<\/tr>\n<tr style=\"height: 26px;\">\n<td style=\"background-color: #f5f5f5; width: 22.0644%; height: 26px;\"><strong>28.04-05.05.2026<\/strong><\/td>\n<td style=\"background-color: #f5f5f5; width: 15.0568%; height: 26px;\">280 z\u0142<\/td>\n<td style=\"background-color: #f5f5f5; width: 15.5303%; height: 26px;\">280 z\u0142<\/td>\n<td style=\"background-color: #f5f5f5; width: 13.1629%; height: 26px;\">340 z\u0142<\/td>\n<td style=\"background-color: #f5f5f5; width: 15.59%; height: 26px;\">340\/360 z\u0142<\/td>\n<\/tr>\n<tr style=\"height: 26px;\">\n<td style=\"background-color: #f5f5f5; width: 22.0644%; height: 26px;\"><b><strong>06.05-31.05.2026<\/strong><\/b><\/td>\n<td style=\"background-color: #f5f5f5; width: 15.0568%; height: 26px;\">240 z\u0142<\/td>\n<td style=\"background-color: #f5f5f5; width: 15.5303%; height: 26px;\">240 z\u0142<\/td>\n<td style=\"background-color: #f5f5f5; width: 13.1629%; height: 26px;\">300 z\u0142<\/td>\n<td style=\"background-color: #f5f5f5; width: 15.59%; height: 26px;\">300 z\u0142\/320 z\u0142<\/td>\n<\/tr>\n<tr style=\"height: 31px;\">\n<td style=\"background-color: #f5f5f5; width: 22.0644%; height: 31px;\"><b><strong>01.06-18.06.2026<\/strong><\/b><\/td>\n<td style=\"background-color: #f5f5f5; width: 15.0568%; height: 31px;\">280 z\u0142<\/td>\n<td style=\"background-color: #f5f5f5; width: 15.5303%; height: 31px;\">280 z\u0142<\/td>\n<td style=\"background-color: #f5f5f5; width: 13.1629%; height: 31px;\">340 z\u0142<\/td>\n<td style=\"background-color: #f5f5f5; width: 15.59%; height: 31px;\">340 z\u0142\/360 z\u0142<\/td>\n<\/tr>\n<tr style=\"height: 25.03px;\">\n<td style=\"background-color: #f5f5f5; width: 22.0644%; height: 25px;\"><b><strong>19.06.-30.08.2026<\/strong><\/b><\/td>\n<td style=\"background-color: #f5f5f5; width: 15.0568%; height: 25px;\">300 z\u0142<\/td>\n<td style=\"background-color: #f5f5f5; width: 15.5303%; height: 25px;\">300 z\u0142<\/td>\n<td style=\"background-color: #f5f5f5; width: 13.1629%; height: 25px;\">350 z\u0142<\/td>\n<td style=\"background-color: #f5f5f5; width: 15.59%; height: 25px;\">350\/370 z\u0142<\/td>\n<\/tr>\n<tr style=\"height: 26px;\">\n<td style=\"background-color: #f5f5f5; width: 22.0644%; height: 26px;\"><b><strong>31.08.-14.09.2026<\/strong><\/b><\/td>\n<td style=\"background-color: #f5f5f5; width: 15.0568%; height: 26px;\">270 z\u0142<\/td>\n<td style=\"background-color: #f5f5f5; width: 15.5303%; height: 26px;\">270 z\u0142<\/td>\n<td style=\"background-color: #f5f5f5; width: 13.1629%; height: 26px;\">340 z\u0142<\/td>\n<td style=\"background-color: #f5f5f5; width: 15.59%; height: 26px;\">350 z\u0142<\/td>\n<\/tr>\n<tr style=\"height: 26px;\">\n<td style=\"background-color: #f5f5f5; width: 22.0644%; height: 26px;\"><strong>15.09-30.10.2026<\/strong><\/td>\n<td style=\"background-color: #f5f5f5; width: 15.0568%; height: 26px;\">260 z\u0142<\/td>\n<td style=\"background-color: #f5f5f5; width: 15.5303%; height: 26px;\">260 z\u0142<\/td>\n<td style=\"background-color: #f5f5f5; width: 13.1629%; height: 26px;\">320 z\u0142<\/td>\n<td style=\"background-color: #f5f5f5; width: 15.59%; height: 26px;\">330 z\u0142<\/td>\n<\/tr>\n<\/tbody>\n<\/table>\n<ul>\n<li>powy\u017cej jednego dnia pobytu obowi\u0105zuje op\u0142ata klimatyczna 3,30 z\u0142 od osoby za dob\u0119 ( nie dotyczy faktury VAT na firm\u0119)<\/li>\n<li>istnieje mo\u017cliwo\u015b\u0107 wynaj\u0119cia pokoju dla 1 osoby<\/li>\n<li><strong>wystawiamy faktury VAT<\/strong><\/li>\n<li>pierwsze\u0144stwo rezerwacji w sezonie letnim (czerwiec, lipiec sierpie\u0144 ) maj\u0105 rezerwacje d\u0142ugie powy\u017cej 7 dni<\/li>\n<li>w okresie od 15.07 do 15.08.2022 udost\u0119pniamy obiekt na minimum 5 nocleg\u00f3w<\/li>\n<\/ul>\n<p style=\"text-align: left;\">W celu zatwierdzenia rezerwacji nale\u017cy wp\u0142aci\u0107 50% \u2013 100% warto\u015bci rezerwacji. W przypadku rezerwacji na 1 dob\u0119 pobierana jest przedp\u0142ata w wysoko\u015bci 100% warto\u015bci rezerwacji.<\/p>\n<p style=\"text-align: left;\"><strong>Uwaga!<\/strong> Zameldowanie od 14.00 do 18.00. Zameldowanie w innych godzinach jedynie mo\u017cliwe po wcze\u015bniejszym uzgodnieniu telefonicznym. P\u00f3\u017any przyjazd po godzinie 20.00 dodatkowo p\u0142atny do pokoju 50 z\u0142.<\/p>\n<p style=\"text-align: left;\">Zapraszamy do rezerwacji w Go\u015bci\u0144cu Jantar. Prosimy o dokonywanie rezerwacji telefonicznych w godzinach 10.00-18.00.<\/p>\n<p style=\"text-align: center;\"><a href=\"http:\/\/jantar-gizycko.eu\/gosciniec\/kontakt\/\"><img loading=\"lazy\" class=\"alignnone wp-image-182 size-medium\" src=\"http:\/\/jantar-gizycko.eu\/gosciniec\/wp-content\/uploads\/2017\/03\/logo-na-stron\u0119-1-300x73.png\" alt=\"cena pokoju\" width=\"300\" height=\"73\" srcset=\"https:\/\/jantar-gizycko.eu\/gosciniec\/wp-content\/uploads\/2017\/03\/logo-na-stron\u0119-1-300x73.png 300w, https:\/\/jantar-gizycko.eu\/gosciniec\/wp-content\/uploads\/2017\/03\/logo-na-stron\u0119-1.png 700w\" sizes=\"(max-width: 300px) 100vw, 300px\" \/><\/a><\/p>\n<p style=\"text-align: center;\"><span style=\"font-size: 8pt;\">Powy\u017cszy cennik nie jest ofert\u0105 w rozumieniu kodeksu cywilnego.<\/span><\/p>\n","protected":false},"excerpt":{"rendered":"<p>Zapraszamy do rezerwacji w Go\u015bci\u0144cu Jantar. Prosimy o dokonywanie rezerwacji telefonicznych w godzinach 10.00-18.00. Obowi\u0105zuje op\u0142ata klimatyczna, kt\u00f3ra w Gi\u017cycku wynosi 3,30 z\u0142 za\u00a0 osob\u0119 za\u00a0 dzie\u0144 . Cena pokoju za dob\u0119 bez \u015bniadania TERMIN pok\u00f3j do wykorzystania dla 1 osoby pok\u00f3j 2-osobowy\/ \u0142\u00f3zka\u00a0pojedyncze pok\u00f3j 3-osobowy\/ \u0142\u00f3\u017cka pojedyncze pok\u00f3j 3\/4 -osobowy z \u0142\u00f3\u017ckiem\u00a0podw\u00f3jnym\u00a0i kanap\u0105-rodzinny\u00a0 01.02-31.03.2026 [&hellip;]<\/p>\n","protected":false},"author":1,"featured_media":260,"parent":0,"menu_order":0,"comment_status":"closed","ping_status":"closed","template":"page_fullwidth.php","meta":[],"yoast_head":"<!-- This site is optimized with the Yoast SEO plugin v16.3 - https:\/\/yoast.com\/wordpress\/plugins\/seo\/ -->\n<title>Cena pokoju za dob\u0119 bez \u015bniadania w Go\u015bci\u0144cu Jantar<\/title>\n<meta name=\"description\" content=\"Zapraszamy do rezerwacji w Go\u015bci\u0144cu Jantar. Prosimy o dokonywanie rezerwacji telefonicznych w godzinach 10.00-18.00. Obowi\u0105zuje op\u0142ata klimatyczna.\" \/>\n<meta name=\"robots\" content=\"index, follow, max-snippet:-1, max-image-preview:large, max-video-preview:-1\" \/>\n<link rel=\"canonical\" href=\"https:\/\/jantar-gizycko.eu\/gosciniec\/cennik\/\" \/>\n<meta property=\"og:locale\" content=\"pl_PL\" \/>\n<meta property=\"og:type\" content=\"article\" \/>\n<meta property=\"og:title\" content=\"Cena pokoju za dob\u0119 bez \u015bniadania w Go\u015bci\u0144cu Jantar\" \/>\n<meta property=\"og:description\" content=\"Zapraszamy do rezerwacji w Go\u015bci\u0144cu Jantar. Prosimy o dokonywanie rezerwacji telefonicznych w godzinach 10.00-18.00. Obowi\u0105zuje op\u0142ata klimatyczna.\" \/>\n<meta property=\"og:url\" content=\"https:\/\/jantar-gizycko.eu\/gosciniec\/cennik\/\" \/>\n<meta property=\"og:site_name\" content=\"Go\u015bciniec Jantar - Gi\u017cycko\" \/>\n<meta property=\"article:modified_time\" content=\"2026-01-14T10:22:34+00:00\" \/>\n<meta property=\"og:image\" content=\"http:\/\/jantar-gizycko.eu\/gosciniec\/wp-content\/uploads\/2017\/03\/jantar-gosciniec.jpg\" \/>\n\t<meta property=\"og:image:width\" content=\"200\" \/>\n\t<meta property=\"og:image:height\" content=\"200\" \/>\n<meta name=\"twitter:card\" content=\"summary\" \/>\n<meta name=\"twitter:label1\" content=\"Szacowany czas czytania\">\n\t<meta name=\"twitter:data1\" content=\"2 minuty\">\n<script type=\"application\/ld+json\" class=\"yoast-schema-graph\">{\"@context\":\"https:\/\/schema.org\",\"@graph\":[{\"@type\":\"Organization\",\"@id\":\"https:\/\/jantar-gizycko.eu\/gosciniec\/#organization\",\"name\":\"Go\\u015bciniec Jantar Gi\\u017cycko\",\"url\":\"https:\/\/jantar-gizycko.eu\/gosciniec\/\",\"sameAs\":[],\"logo\":{\"@type\":\"ImageObject\",\"@id\":\"https:\/\/jantar-gizycko.eu\/gosciniec\/#logo\",\"inLanguage\":\"pl-PL\",\"url\":\"http:\/\/jantar-gizycko.eu\/gosciniec\/wp-content\/uploads\/2017\/03\/gosciniec-logo-ok.png\",\"contentUrl\":\"http:\/\/jantar-gizycko.eu\/gosciniec\/wp-content\/uploads\/2017\/03\/gosciniec-logo-ok.png\",\"width\":1500,\"height\":1000,\"caption\":\"Go\\u015bciniec Jantar Gi\\u017cycko\"},\"image\":{\"@id\":\"https:\/\/jantar-gizycko.eu\/gosciniec\/#logo\"}},{\"@type\":\"WebSite\",\"@id\":\"https:\/\/jantar-gizycko.eu\/gosciniec\/#website\",\"url\":\"https:\/\/jantar-gizycko.eu\/gosciniec\/\",\"name\":\"Go\\u015bciniec Jantar - Gi\\u017cycko\",\"description\":\"Pokoje hotelowe\",\"publisher\":{\"@id\":\"https:\/\/jantar-gizycko.eu\/gosciniec\/#organization\"},\"potentialAction\":[{\"@type\":\"SearchAction\",\"target\":\"https:\/\/jantar-gizycko.eu\/gosciniec\/?s={search_term_string}\",\"query-input\":\"required name=search_term_string\"}],\"inLanguage\":\"pl-PL\"},{\"@type\":\"ImageObject\",\"@id\":\"https:\/\/jantar-gizycko.eu\/gosciniec\/cennik\/#primaryimage\",\"inLanguage\":\"pl-PL\",\"url\":\"https:\/\/jantar-gizycko.eu\/gosciniec\/wp-content\/uploads\/2017\/03\/jantar-gosciniec.jpg\",\"contentUrl\":\"https:\/\/jantar-gizycko.eu\/gosciniec\/wp-content\/uploads\/2017\/03\/jantar-gosciniec.jpg\",\"width\":200,\"height\":200,\"caption\":\"Obiekt Go\\u015bciniec Jantar\"},{\"@type\":\"WebPage\",\"@id\":\"https:\/\/jantar-gizycko.eu\/gosciniec\/cennik\/#webpage\",\"url\":\"https:\/\/jantar-gizycko.eu\/gosciniec\/cennik\/\",\"name\":\"Cena pokoju za dob\\u0119 bez \\u015bniadania w Go\\u015bci\\u0144cu Jantar\",\"isPartOf\":{\"@id\":\"https:\/\/jantar-gizycko.eu\/gosciniec\/#website\"},\"primaryImageOfPage\":{\"@id\":\"https:\/\/jantar-gizycko.eu\/gosciniec\/cennik\/#primaryimage\"},\"datePublished\":\"2017-03-25T14:18:09+00:00\",\"dateModified\":\"2026-01-14T10:22:34+00:00\",\"description\":\"Zapraszamy do rezerwacji w Go\\u015bci\\u0144cu Jantar. Prosimy o dokonywanie rezerwacji telefonicznych w godzinach 10.00-18.00. Obowi\\u0105zuje op\\u0142ata klimatyczna.\",\"breadcrumb\":{\"@id\":\"https:\/\/jantar-gizycko.eu\/gosciniec\/cennik\/#breadcrumb\"},\"inLanguage\":\"pl-PL\",\"potentialAction\":[{\"@type\":\"ReadAction\",\"target\":[\"https:\/\/jantar-gizycko.eu\/gosciniec\/cennik\/\"]}]},{\"@type\":\"BreadcrumbList\",\"@id\":\"https:\/\/jantar-gizycko.eu\/gosciniec\/cennik\/#breadcrumb\",\"itemListElement\":[{\"@type\":\"ListItem\",\"position\":1,\"item\":{\"@type\":\"WebPage\",\"@id\":\"https:\/\/jantar-gizycko.eu\/gosciniec\/\",\"url\":\"https:\/\/jantar-gizycko.eu\/gosciniec\/\",\"name\":\"Strona g\\u0142\\u00f3wna\"}},{\"@type\":\"ListItem\",\"position\":2,\"item\":{\"@id\":\"https:\/\/jantar-gizycko.eu\/gosciniec\/cennik\/#webpage\"}}]}]}<\/script>\n<!-- \/ Yoast SEO plugin. -->","_links":{"self":[{"href":"https:\/\/jantar-gizycko.eu\/gosciniec\/wp-json\/wp\/v2\/pages\/26"}],"collection":[{"href":"https:\/\/jantar-gizycko.eu\/gosciniec\/wp-json\/wp\/v2\/pages"}],"about":[{"href":"https:\/\/jantar-gizycko.eu\/gosciniec\/wp-json\/wp\/v2\/types\/page"}],"author":[{"embeddable":true,"href":"https:\/\/jantar-gizycko.eu\/gosciniec\/wp-json\/wp\/v2\/users\/1"}],"replies":[{"embeddable":true,"href":"https:\/\/jantar-gizycko.eu\/gosciniec\/wp-json\/wp\/v2\/comments?post=26"}],"version-history":[{"count":128,"href":"https:\/\/jantar-gizycko.eu\/gosciniec\/wp-json\/wp\/v2\/pages\/26\/revisions"}],"predecessor-version":[{"id":570,"href":"https:\/\/jantar-gizycko.eu\/gosciniec\/wp-json\/wp\/v2\/pages\/26\/revisions\/570"}],"wp:featuredmedia":[{"embeddable":true,"href":"https:\/\/jantar-gizycko.eu\/gosciniec\/wp-json\/wp\/v2\/media\/260"}],"wp:attachment":[{"href":"https:\/\/jantar-gizycko.eu\/gosciniec\/wp-json\/wp\/v2\/media?parent=26"}],"curies":[{"name":"wp","href":"https:\/\/api.w.org\/{rel}","templated":true}]}}