{"id":21,"date":"2017-03-25T15:16:17","date_gmt":"2017-03-25T14:16:17","guid":{"rendered":"http:\/\/jantar-gizycko.eu\/gosciniec\/?page_id=21"},"modified":"2023-10-30T13:29:15","modified_gmt":"2023-10-30T12:29:15","slug":"jantar","status":"publish","type":"page","link":"https:\/\/jantar-gizycko.eu\/gosciniec\/jantar\/","title":{"rendered":"Pokoje hotelowe"},"content":{"rendered":"<h2><\/h2>\n<p>W Go\u015bci\u0144cu Jantar znajduje si\u0119 11 pokoi hotelowych z \u0142azienkami. \u00a0W Go\u015bci\u0144cu Jantar jest\u00a0 6 pokoi dwuosobowych, 2 trzyosobowe oraz 3 z \u0142\u00f3\u017ckiem ma\u0142\u017ce\u0144skim wyposa\u017cony w kanap\u0119(pok\u00f3j 3\/4 osobowy rodzinny).<\/p>\n<p>W Go\u015bci\u0144cu znajduje si\u0119 r\u00f3wnie\u017c jedna og\u00f3lnodost\u0119pna kuchnia.<\/p>\n<p style=\"text-align: justify;\">Wszystkie pokoje hotelowe w Go\u015bci\u0144cu Jantar wyposa\u017cone s\u0105 w miejsce do spania, st\u00f3\u0142, szaf\u0119 oraz telewizor, czajnik, lod\u00f3wk\u0119, r\u0119czniki, po\u015bciel. W ka\u017cdym z pokoi znajduje si\u0119 sporych rozmiar\u00f3w \u0142azienka z prysznicem. Ka\u017cdy z pokoi to pok\u00f3j z \u0142\u00f3\u017ckami pojedynczymi, opr\u00f3cz pokoi, w kt\u00f3rych znajduje si\u0119 jedno \u0142\u00f3\u017cko podw\u00f3jne oraz kanapa (pok\u00f3j 3\/4 osobowy &#8211; rodzinny). Na terenie Go\u015bci\u0144ca mo\u017cna tak\u017ce skorzysta\u0107 z bezp\u0142atnego Wi-Fi. Na miejscu dost\u0119pny jest te\u017c niestrze\u017cony parking miejski. Obiekt ogrzewany, dost\u0119pny do rezerwacji tak\u017ce zim\u0105.<\/p>\n<p style=\"text-align: justify;\">Niekt\u00f3re z pokoi posiadaj\u0105 balkon (tylko pokoje dwuosobowe).<\/p>\n<p style=\"text-align: justify;\">We wszystkich pokojach obowi\u0105zuje zakaz palenia. W trakcie pobyt\u00f3w d\u0142u\u017cszych ni\u017c tydzie\u0144 po\u015bciel wymieniana jest raz w tygodniu, r\u0119czniki zmieniamy raz\u00a0 w tygodniu.<\/p>\n<p style=\"text-align: justify;\">Istnieje mo\u017cliwo\u015b\u0107 wynaj\u0119cia pokoju dla 1 osoby. Zapraszamy na d\u0142u\u017csze pobyty.<\/p>\n<p style=\"text-align: justify;\">Doba hotelowa zaczyna si\u0119 o godzinie 14.00, ko\u0144czy o godzinie 11.00.<\/p>\n<p style=\"text-align: justify;\">Uwaga! Zameldowanie od 14.00 do 20.00. Zameldowanie w innych godzinach jedynie mo\u017cliwe po wcze\u015bniejszym uzgodnieniu telefonicznym.<\/p>\n<p>&nbsp;<\/p>\n<div id='gallery-1' class='gallery galleryid-21 gallery-columns-4 gallery-size-thumbnail'><figure class='gallery-item'>\n\t\t\t<div class='gallery-icon landscape'>\n\t\t\t\t<a href='https:\/\/jantar-gizycko.eu\/gosciniec\/wp-content\/uploads\/2023\/10\/IMG_1630.jpg' rel=\"lightbox[21]\"><img width=\"150\" height=\"150\" src=\"https:\/\/jantar-gizycko.eu\/gosciniec\/wp-content\/uploads\/2023\/10\/IMG_1630-150x150.jpg\" class=\"attachment-thumbnail size-thumbnail\" alt=\"\" loading=\"lazy\" aria-describedby=\"gallery-1-519\" \/><\/a>\n\t\t\t<\/div>\n\t\t\t\t<figcaption class='wp-caption-text gallery-caption' id='gallery-1-519'>\n\t\t\t\tPok\u00f3j nr 1 \n\t\t\t\t<\/figcaption><\/figure><figure class='gallery-item'>\n\t\t\t<div class='gallery-icon landscape'>\n\t\t\t\t<a href='https:\/\/jantar-gizycko.eu\/gosciniec\/wp-content\/uploads\/2022\/02\/IMG-0070-3.jpg' rel=\"lightbox[21]\"><img width=\"150\" height=\"150\" src=\"https:\/\/jantar-gizycko.eu\/gosciniec\/wp-content\/uploads\/2022\/02\/IMG-0070-3-150x150.jpg\" class=\"attachment-thumbnail size-thumbnail\" alt=\"\" loading=\"lazy\" aria-describedby=\"gallery-1-480\" \/><\/a>\n\t\t\t<\/div>\n\t\t\t\t<figcaption class='wp-caption-text gallery-caption' id='gallery-1-480'>\n\t\t\t\tPok\u00f3j nr 2 &#8211; pok\u00f3j rodzinny\n\t\t\t\t<\/figcaption><\/figure><figure class='gallery-item'>\n\t\t\t<div class='gallery-icon landscape'>\n\t\t\t\t<a href='https:\/\/jantar-gizycko.eu\/gosciniec\/wp-content\/uploads\/2023\/10\/IMG_1632.jpg' rel=\"lightbox[21]\"><img width=\"150\" height=\"150\" src=\"https:\/\/jantar-gizycko.eu\/gosciniec\/wp-content\/uploads\/2023\/10\/IMG_1632-150x150.jpg\" class=\"attachment-thumbnail size-thumbnail\" alt=\"\" loading=\"lazy\" aria-describedby=\"gallery-1-520\" \/><\/a>\n\t\t\t<\/div>\n\t\t\t\t<figcaption class='wp-caption-text gallery-caption' id='gallery-1-520'>\n\t\t\t\tPok\u00f3j nr 3\n\t\t\t\t<\/figcaption><\/figure><figure class='gallery-item'>\n\t\t\t<div class='gallery-icon landscape'>\n\t\t\t\t<a href='https:\/\/jantar-gizycko.eu\/gosciniec\/wp-content\/uploads\/2023\/10\/IMG_1635.jpg' rel=\"lightbox[21]\"><img width=\"150\" height=\"150\" src=\"https:\/\/jantar-gizycko.eu\/gosciniec\/wp-content\/uploads\/2023\/10\/IMG_1635-150x150.jpg\" class=\"attachment-thumbnail size-thumbnail\" alt=\"\" loading=\"lazy\" aria-describedby=\"gallery-1-521\" \/><\/a>\n\t\t\t<\/div>\n\t\t\t\t<figcaption class='wp-caption-text gallery-caption' id='gallery-1-521'>\n\t\t\t\tPok\u00f3j nr 4\n\t\t\t\t<\/figcaption><\/figure><figure class='gallery-item'>\n\t\t\t<div class='gallery-icon landscape'>\n\t\t\t\t<a href='https:\/\/jantar-gizycko.eu\/gosciniec\/wp-content\/uploads\/2023\/10\/IMG_1640.jpg' rel=\"lightbox[21]\"><img width=\"150\" height=\"150\" src=\"https:\/\/jantar-gizycko.eu\/gosciniec\/wp-content\/uploads\/2023\/10\/IMG_1640-150x150.jpg\" class=\"attachment-thumbnail size-thumbnail\" alt=\"\" loading=\"lazy\" aria-describedby=\"gallery-1-522\" \/><\/a>\n\t\t\t<\/div>\n\t\t\t\t<figcaption class='wp-caption-text gallery-caption' id='gallery-1-522'>\n\t\t\t\tPok\u00f3j nr 5 \n\t\t\t\t<\/figcaption><\/figure><figure class='gallery-item'>\n\t\t\t<div class='gallery-icon landscape'>\n\t\t\t\t<a href='https:\/\/jantar-gizycko.eu\/gosciniec\/wp-content\/uploads\/2022\/02\/IMG-0099-2.jpg' rel=\"lightbox[21]\"><img width=\"150\" height=\"150\" src=\"https:\/\/jantar-gizycko.eu\/gosciniec\/wp-content\/uploads\/2022\/02\/IMG-0099-2-150x150.jpg\" class=\"attachment-thumbnail size-thumbnail\" alt=\"\" loading=\"lazy\" aria-describedby=\"gallery-1-473\" \/><\/a>\n\t\t\t<\/div>\n\t\t\t\t<figcaption class='wp-caption-text gallery-caption' id='gallery-1-473'>\n\t\t\t\tPok\u00f3j nr 6 rodzinny\n\t\t\t\t<\/figcaption><\/figure><figure class='gallery-item'>\n\t\t\t<div class='gallery-icon landscape'>\n\t\t\t\t<a href='https:\/\/jantar-gizycko.eu\/gosciniec\/wp-content\/uploads\/2023\/10\/IMG_1644.jpg' rel=\"lightbox[21]\"><img width=\"150\" height=\"150\" src=\"https:\/\/jantar-gizycko.eu\/gosciniec\/wp-content\/uploads\/2023\/10\/IMG_1644-150x150.jpg\" class=\"attachment-thumbnail size-thumbnail\" alt=\"\" loading=\"lazy\" aria-describedby=\"gallery-1-523\" \/><\/a>\n\t\t\t<\/div>\n\t\t\t\t<figcaption class='wp-caption-text gallery-caption' id='gallery-1-523'>\n\t\t\t\tPok\u00f3j nr 7\n\t\t\t\t<\/figcaption><\/figure><figure class='gallery-item'>\n\t\t\t<div class='gallery-icon landscape'>\n\t\t\t\t<a href='https:\/\/jantar-gizycko.eu\/gosciniec\/wp-content\/uploads\/2023\/10\/IMG_1646.jpg' rel=\"lightbox[21]\"><img width=\"150\" height=\"150\" src=\"https:\/\/jantar-gizycko.eu\/gosciniec\/wp-content\/uploads\/2023\/10\/IMG_1646-150x150.jpg\" class=\"attachment-thumbnail size-thumbnail\" alt=\"\" loading=\"lazy\" aria-describedby=\"gallery-1-524\" \/><\/a>\n\t\t\t<\/div>\n\t\t\t\t<figcaption class='wp-caption-text gallery-caption' id='gallery-1-524'>\n\t\t\t\tPok\u00f3j nr 8\n\t\t\t\t<\/figcaption><\/figure><figure class='gallery-item'>\n\t\t\t<div class='gallery-icon landscape'>\n\t\t\t\t<a href='https:\/\/jantar-gizycko.eu\/gosciniec\/wp-content\/uploads\/2023\/10\/IMG_1651.jpg' rel=\"lightbox[21]\"><img width=\"150\" height=\"150\" src=\"https:\/\/jantar-gizycko.eu\/gosciniec\/wp-content\/uploads\/2023\/10\/IMG_1651-150x150.jpg\" class=\"attachment-thumbnail size-thumbnail\" alt=\"\" loading=\"lazy\" aria-describedby=\"gallery-1-525\" \/><\/a>\n\t\t\t<\/div>\n\t\t\t\t<figcaption class='wp-caption-text gallery-caption' id='gallery-1-525'>\n\t\t\t\tPok\u00f3j nr 9\n\t\t\t\t<\/figcaption><\/figure><figure class='gallery-item'>\n\t\t\t<div class='gallery-icon landscape'>\n\t\t\t\t<a href='https:\/\/jantar-gizycko.eu\/gosciniec\/wp-content\/uploads\/2023\/10\/IMG_1653.jpg' rel=\"lightbox[21]\"><img width=\"150\" height=\"150\" src=\"https:\/\/jantar-gizycko.eu\/gosciniec\/wp-content\/uploads\/2023\/10\/IMG_1653-150x150.jpg\" class=\"attachment-thumbnail size-thumbnail\" alt=\"\" loading=\"lazy\" aria-describedby=\"gallery-1-526\" \/><\/a>\n\t\t\t<\/div>\n\t\t\t\t<figcaption class='wp-caption-text gallery-caption' id='gallery-1-526'>\n\t\t\t\tPok\u00f3j nr 10\n\t\t\t\t<\/figcaption><\/figure><figure class='gallery-item'>\n\t\t\t<div class='gallery-icon landscape'>\n\t\t\t\t<a href='https:\/\/jantar-gizycko.eu\/gosciniec\/wp-content\/uploads\/2022\/02\/IMG-0114-2.jpg' rel=\"lightbox[21]\"><img width=\"150\" height=\"150\" src=\"https:\/\/jantar-gizycko.eu\/gosciniec\/wp-content\/uploads\/2022\/02\/IMG-0114-2-150x150.jpg\" class=\"attachment-thumbnail size-thumbnail\" alt=\"\" loading=\"lazy\" aria-describedby=\"gallery-1-478\" \/><\/a>\n\t\t\t<\/div>\n\t\t\t\t<figcaption class='wp-caption-text gallery-caption' id='gallery-1-478'>\n\t\t\t\tPok\u00f3j nr 12 rodzinny\n\t\t\t\t<\/figcaption><\/figure><figure class='gallery-item'>\n\t\t\t<div class='gallery-icon portrait'>\n\t\t\t\t<a href='https:\/\/jantar-gizycko.eu\/gosciniec\/wp-content\/uploads\/2022\/02\/IMG-0093-2.jpg' rel=\"lightbox[21]\"><img width=\"150\" height=\"150\" src=\"https:\/\/jantar-gizycko.eu\/gosciniec\/wp-content\/uploads\/2022\/02\/IMG-0093-2-150x150.jpg\" class=\"attachment-thumbnail size-thumbnail\" alt=\"\" loading=\"lazy\" aria-describedby=\"gallery-1-472\" \/><\/a>\n\t\t\t<\/div>\n\t\t\t\t<figcaption class='wp-caption-text gallery-caption' id='gallery-1-472'>\n\t\t\t\t\u0141azienka w ka\u017cdym pokoju\n\t\t\t\t<\/figcaption><\/figure><figure class='gallery-item'>\n\t\t\t<div class='gallery-icon portrait'>\n\t\t\t\t<a href='https:\/\/jantar-gizycko.eu\/gosciniec\/wp-content\/uploads\/2022\/02\/IMG-0077-2.jpg' rel=\"lightbox[21]\"><img width=\"150\" height=\"150\" src=\"https:\/\/jantar-gizycko.eu\/gosciniec\/wp-content\/uploads\/2022\/02\/IMG-0077-2-150x150.jpg\" class=\"attachment-thumbnail size-thumbnail\" alt=\"\" loading=\"lazy\" aria-describedby=\"gallery-1-468\" \/><\/a>\n\t\t\t<\/div>\n\t\t\t\t<figcaption class='wp-caption-text gallery-caption' id='gallery-1-468'>\n\t\t\t\t\u0141azienka w ka\u017cdym pokoju\n\t\t\t\t<\/figcaption><\/figure><figure class='gallery-item'>\n\t\t\t<div class='gallery-icon landscape'>\n\t\t\t\t<a href='https:\/\/jantar-gizycko.eu\/gosciniec\/wp-content\/uploads\/2020\/02\/DSC_0366.jpg' rel=\"lightbox[21]\"><img width=\"150\" height=\"150\" src=\"https:\/\/jantar-gizycko.eu\/gosciniec\/wp-content\/uploads\/2020\/02\/DSC_0366-150x150.jpg\" class=\"attachment-thumbnail size-thumbnail\" alt=\"\" loading=\"lazy\" aria-describedby=\"gallery-1-355\" \/><\/a>\n\t\t\t<\/div>\n\t\t\t\t<figcaption class='wp-caption-text gallery-caption' id='gallery-1-355'>\n\t\t\t\tog\u00f3lnodost\u0119pna kuchnia\n\t\t\t\t<\/figcaption><\/figure><figure class='gallery-item'>\n\t\t\t<div class='gallery-icon portrait'>\n\t\t\t\t<a href='https:\/\/jantar-gizycko.eu\/gosciniec\/wp-content\/uploads\/2020\/02\/DSC_0359.jpg' rel=\"lightbox[21]\"><img width=\"150\" height=\"150\" src=\"https:\/\/jantar-gizycko.eu\/gosciniec\/wp-content\/uploads\/2020\/02\/DSC_0359-150x150.jpg\" class=\"attachment-thumbnail size-thumbnail\" alt=\"\" loading=\"lazy\" aria-describedby=\"gallery-1-354\" \/><\/a>\n\t\t\t<\/div>\n\t\t\t\t<figcaption class='wp-caption-text gallery-caption' id='gallery-1-354'>\n\t\t\t\tog\u00f3lnodost\u0119pna kuchnia\n\t\t\t\t<\/figcaption><\/figure>\n\t\t<\/div>\n\n<p><img loading=\"lazy\" class=\"size-medium wp-image-183 aligncenter\" src=\"http:\/\/jantar-gizycko.eu\/gosciniec\/wp-content\/uploads\/2017\/03\/cropped-logo-na-stron\u0119-1-300x73.png\" alt=\"\" width=\"300\" height=\"73\" srcset=\"https:\/\/jantar-gizycko.eu\/gosciniec\/wp-content\/uploads\/2017\/03\/cropped-logo-na-stron\u0119-1-300x73.png 300w, https:\/\/jantar-gizycko.eu\/gosciniec\/wp-content\/uploads\/2017\/03\/cropped-logo-na-stron\u0119-1.png 700w\" sizes=\"(max-width: 300px) 100vw, 300px\" \/><\/p>\n<p>&nbsp;<\/p>\n","protected":false},"excerpt":{"rendered":"<p>W Go\u015bci\u0144cu Jantar znajduje si\u0119 11 pokoi hotelowych z \u0142azienkami. \u00a0W Go\u015bci\u0144cu Jantar jest\u00a0 6 pokoi dwuosobowych, 2 trzyosobowe oraz 3 z \u0142\u00f3\u017ckiem ma\u0142\u017ce\u0144skim wyposa\u017cony w kanap\u0119(pok\u00f3j 3\/4 osobowy rodzinny). W Go\u015bci\u0144cu znajduje si\u0119 r\u00f3wnie\u017c jedna og\u00f3lnodost\u0119pna kuchnia. Wszystkie pokoje hotelowe w Go\u015bci\u0144cu Jantar wyposa\u017cone s\u0105 w miejsce do spania, st\u00f3\u0142, szaf\u0119 oraz telewizor, czajnik, [&hellip;]<\/p>\n","protected":false},"author":1,"featured_media":260,"parent":0,"menu_order":0,"comment_status":"closed","ping_status":"closed","template":"page_fullwidth.php","meta":[],"yoast_head":"<!-- This site is optimized with the Yoast SEO plugin v16.3 - https:\/\/yoast.com\/wordpress\/plugins\/seo\/ -->\n<title>pokoje hotelowe - Go\u015bciniec Jantar-wyposa\u017cone w \u0142azienk\u0119<\/title>\n<meta name=\"description\" content=\"W Go\u015bci\u0144cu Jantar znajduje si\u0119 11 pokoi hotelowych z \u0142azienkami. \u00a0W Go\u015bci\u0144cu Jantar jest\u00a0 6 pokoi dwuosobowych, 2 trzyosobowe oraz 3 z \u0142\u00f3\u017ckiem ma\u0142\u017ce\u0144skim wyposa\u017cony w kanap\u0119(pok\u00f3j 3\/4 osobowy rodzinny).\" \/>\n<meta name=\"robots\" content=\"index, follow, max-snippet:-1, max-image-preview:large, max-video-preview:-1\" \/>\n<link rel=\"canonical\" href=\"https:\/\/jantar-gizycko.eu\/gosciniec\/jantar\/\" \/>\n<meta property=\"og:locale\" content=\"pl_PL\" \/>\n<meta property=\"og:type\" content=\"article\" \/>\n<meta property=\"og:title\" content=\"pokoje hotelowe - Go\u015bciniec Jantar-wyposa\u017cone w \u0142azienk\u0119\" \/>\n<meta property=\"og:description\" content=\"W Go\u015bci\u0144cu Jantar znajduje si\u0119 11 pokoi hotelowych z \u0142azienkami. \u00a0W Go\u015bci\u0144cu Jantar jest\u00a0 6 pokoi dwuosobowych, 2 trzyosobowe oraz 3 z \u0142\u00f3\u017ckiem ma\u0142\u017ce\u0144skim wyposa\u017cony w kanap\u0119(pok\u00f3j 3\/4 osobowy rodzinny).\" \/>\n<meta property=\"og:url\" content=\"https:\/\/jantar-gizycko.eu\/gosciniec\/jantar\/\" \/>\n<meta property=\"og:site_name\" content=\"Go\u015bciniec Jantar - Gi\u017cycko\" \/>\n<meta property=\"article:modified_time\" content=\"2023-10-30T12:29:15+00:00\" \/>\n<meta property=\"og:image\" content=\"http:\/\/jantar-gizycko.eu\/gosciniec\/wp-content\/uploads\/2017\/03\/jantar-gosciniec.jpg\" \/>\n\t<meta property=\"og:image:width\" content=\"200\" \/>\n\t<meta property=\"og:image:height\" content=\"200\" \/>\n<meta name=\"twitter:card\" content=\"summary\" \/>\n<meta name=\"twitter:label1\" content=\"Szacowany czas czytania\">\n\t<meta name=\"twitter:data1\" content=\"2 minuty\">\n<script type=\"application\/ld+json\" class=\"yoast-schema-graph\">{\"@context\":\"https:\/\/schema.org\",\"@graph\":[{\"@type\":\"Organization\",\"@id\":\"https:\/\/jantar-gizycko.eu\/gosciniec\/#organization\",\"name\":\"Go\\u015bciniec Jantar Gi\\u017cycko\",\"url\":\"https:\/\/jantar-gizycko.eu\/gosciniec\/\",\"sameAs\":[],\"logo\":{\"@type\":\"ImageObject\",\"@id\":\"https:\/\/jantar-gizycko.eu\/gosciniec\/#logo\",\"inLanguage\":\"pl-PL\",\"url\":\"http:\/\/jantar-gizycko.eu\/gosciniec\/wp-content\/uploads\/2017\/03\/gosciniec-logo-ok.png\",\"contentUrl\":\"http:\/\/jantar-gizycko.eu\/gosciniec\/wp-content\/uploads\/2017\/03\/gosciniec-logo-ok.png\",\"width\":1500,\"height\":1000,\"caption\":\"Go\\u015bciniec Jantar Gi\\u017cycko\"},\"image\":{\"@id\":\"https:\/\/jantar-gizycko.eu\/gosciniec\/#logo\"}},{\"@type\":\"WebSite\",\"@id\":\"https:\/\/jantar-gizycko.eu\/gosciniec\/#website\",\"url\":\"https:\/\/jantar-gizycko.eu\/gosciniec\/\",\"name\":\"Go\\u015bciniec Jantar - Gi\\u017cycko\",\"description\":\"Pokoje hotelowe\",\"publisher\":{\"@id\":\"https:\/\/jantar-gizycko.eu\/gosciniec\/#organization\"},\"potentialAction\":[{\"@type\":\"SearchAction\",\"target\":\"https:\/\/jantar-gizycko.eu\/gosciniec\/?s={search_term_string}\",\"query-input\":\"required name=search_term_string\"}],\"inLanguage\":\"pl-PL\"},{\"@type\":\"ImageObject\",\"@id\":\"https:\/\/jantar-gizycko.eu\/gosciniec\/jantar\/#primaryimage\",\"inLanguage\":\"pl-PL\",\"url\":\"https:\/\/jantar-gizycko.eu\/gosciniec\/wp-content\/uploads\/2017\/03\/jantar-gosciniec.jpg\",\"contentUrl\":\"https:\/\/jantar-gizycko.eu\/gosciniec\/wp-content\/uploads\/2017\/03\/jantar-gosciniec.jpg\",\"width\":200,\"height\":200,\"caption\":\"Obiekt Go\\u015bciniec Jantar\"},{\"@type\":\"WebPage\",\"@id\":\"https:\/\/jantar-gizycko.eu\/gosciniec\/jantar\/#webpage\",\"url\":\"https:\/\/jantar-gizycko.eu\/gosciniec\/jantar\/\",\"name\":\"pokoje hotelowe - Go\\u015bciniec Jantar-wyposa\\u017cone w \\u0142azienk\\u0119\",\"isPartOf\":{\"@id\":\"https:\/\/jantar-gizycko.eu\/gosciniec\/#website\"},\"primaryImageOfPage\":{\"@id\":\"https:\/\/jantar-gizycko.eu\/gosciniec\/jantar\/#primaryimage\"},\"datePublished\":\"2017-03-25T14:16:17+00:00\",\"dateModified\":\"2023-10-30T12:29:15+00:00\",\"description\":\"W Go\\u015bci\\u0144cu Jantar znajduje si\\u0119 11 pokoi hotelowych z \\u0142azienkami. \\u00a0W Go\\u015bci\\u0144cu Jantar jest\\u00a0 6 pokoi dwuosobowych, 2 trzyosobowe oraz 3 z \\u0142\\u00f3\\u017ckiem ma\\u0142\\u017ce\\u0144skim wyposa\\u017cony w kanap\\u0119(pok\\u00f3j 3\/4 osobowy rodzinny).\",\"breadcrumb\":{\"@id\":\"https:\/\/jantar-gizycko.eu\/gosciniec\/jantar\/#breadcrumb\"},\"inLanguage\":\"pl-PL\",\"potentialAction\":[{\"@type\":\"ReadAction\",\"target\":[\"https:\/\/jantar-gizycko.eu\/gosciniec\/jantar\/\"]}]},{\"@type\":\"BreadcrumbList\",\"@id\":\"https:\/\/jantar-gizycko.eu\/gosciniec\/jantar\/#breadcrumb\",\"itemListElement\":[{\"@type\":\"ListItem\",\"position\":1,\"item\":{\"@type\":\"WebPage\",\"@id\":\"https:\/\/jantar-gizycko.eu\/gosciniec\/\",\"url\":\"https:\/\/jantar-gizycko.eu\/gosciniec\/\",\"name\":\"Strona g\\u0142\\u00f3wna\"}},{\"@type\":\"ListItem\",\"position\":2,\"item\":{\"@id\":\"https:\/\/jantar-gizycko.eu\/gosciniec\/jantar\/#webpage\"}}]}]}<\/script>\n<!-- \/ Yoast SEO plugin. -->","_links":{"self":[{"href":"https:\/\/jantar-gizycko.eu\/gosciniec\/wp-json\/wp\/v2\/pages\/21"}],"collection":[{"href":"https:\/\/jantar-gizycko.eu\/gosciniec\/wp-json\/wp\/v2\/pages"}],"about":[{"href":"https:\/\/jantar-gizycko.eu\/gosciniec\/wp-json\/wp\/v2\/types\/page"}],"author":[{"embeddable":true,"href":"https:\/\/jantar-gizycko.eu\/gosciniec\/wp-json\/wp\/v2\/users\/1"}],"replies":[{"embeddable":true,"href":"https:\/\/jantar-gizycko.eu\/gosciniec\/wp-json\/wp\/v2\/comments?post=21"}],"version-history":[{"count":47,"href":"https:\/\/jantar-gizycko.eu\/gosciniec\/wp-json\/wp\/v2\/pages\/21\/revisions"}],"predecessor-version":[{"id":529,"href":"https:\/\/jantar-gizycko.eu\/gosciniec\/wp-json\/wp\/v2\/pages\/21\/revisions\/529"}],"wp:featuredmedia":[{"embeddable":true,"href":"https:\/\/jantar-gizycko.eu\/gosciniec\/wp-json\/wp\/v2\/media\/260"}],"wp:attachment":[{"href":"https:\/\/jantar-gizycko.eu\/gosciniec\/wp-json\/wp\/v2\/media?parent=21"}],"curies":[{"name":"wp","href":"https:\/\/api.w.org\/{rel}","templated":true}]}}