{"id":19,"date":"2017-03-25T15:15:54","date_gmt":"2017-03-25T14:15:54","guid":{"rendered":"http:\/\/jantar-gizycko.eu\/gosciniec\/?page_id=19"},"modified":"2025-04-14T11:58:06","modified_gmt":"2025-04-14T09:58:06","slug":"nocleg","status":"publish","type":"page","link":"https:\/\/jantar-gizycko.eu\/gosciniec\/","title":{"rendered":"Go\u015bciniec"},"content":{"rendered":"<h1 style=\"text-align: center;\"><strong>Go\u015bciniec Jantar po\u0142o\u017cony jest w centrum Gi\u017cycka, 500 metr\u00f3w od jeziora Niegocin. St\u0105d wsz\u0119dzie jest blisko do portu nad \u00a0jeziorem Niegocin, na pla\u017c\u0119, do dworca, sklep\u00f3w, aptek restauracji i innych lokali gastronomicznych.<\/strong><\/h1>\n<p>&nbsp;<\/p>\n<figure id=\"attachment_189\" aria-describedby=\"caption-attachment-189\" style=\"width: 288px\" class=\"wp-caption alignleft\"><img loading=\"lazy\" class=\"wp-image-189 size-medium\" src=\"http:\/\/jantar-gizycko.eu\/gosciniec\/wp-content\/uploads\/2017\/03\/73-gizycko-jantar-1-288x300.jpg\" alt=\" Go\u015bciniec Jantar Gi\u017cycko\" width=\"288\" height=\"300\" srcset=\"https:\/\/jantar-gizycko.eu\/gosciniec\/wp-content\/uploads\/2017\/03\/73-gizycko-jantar-1-288x300.jpg 288w, https:\/\/jantar-gizycko.eu\/gosciniec\/wp-content\/uploads\/2017\/03\/73-gizycko-jantar-1-768x801.jpg 768w, https:\/\/jantar-gizycko.eu\/gosciniec\/wp-content\/uploads\/2017\/03\/73-gizycko-jantar-1-750x782.jpg 750w, https:\/\/jantar-gizycko.eu\/gosciniec\/wp-content\/uploads\/2017\/03\/73-gizycko-jantar-1.jpg 779w\" sizes=\"(max-width: 288px) 100vw, 288px\" \/><figcaption id=\"caption-attachment-189\" class=\"wp-caption-text\">Go\u015bciniec Jantar Gi\u017cycko<\/figcaption><\/figure>\n<p>Go\u015bciniec Jantar zapewnia Pa\u0144stwu komfort i co\u015b, co trudno znale\u017a\u0107 w du\u017cych hotelach: domow\u0105 atmosfer\u0119.<\/p>\n<p style=\"text-align: justify;\">Pensjonat \u00a0Go\u015bciniec Jantar po\u0142o\u017cony jest w samym centrum Gi\u017cycka. \u00a0Dysponuje tak\u017ce bezp\u0142atnym bezprzewodowym dost\u0119pem do Internetu. Wszystkie pokoje w obiekcie \u00a0wyposa\u017cone s\u0105 w telewizor oraz \u0142azienk\u0119 z prysznicem, r\u0119czniki, po\u015bciel, czajnik bezprzewodowy i lod\u00f3wk\u0119. Obecnie w pokojach s\u0105\u00a0 telewizory\u00a0 led. Wszystkie pokoje w obiekcie \u00a0s\u0105 obj\u0119te zakazem palenia.\u00a0 W pobli\u017cu obiektu znajduje si\u0119 niestrze\u017cony parking miejski, obecnie strefa p\u0142atnego parkowania (od 01.05-30.09, tydzie\u0144 ok. 200 z\u0142 ,2025 rok) . Obiekt ogrzewany, dost\u0119pny do rezerwacji tak\u017ce zim\u0105. Doj\u015bcie na wy\u017csze pi\u0119tra tylko schodami.<\/p>\n<p>W Go\u015bci\u0144cu Jantar znajduje si\u0119 r\u00f3wnie\u017c jedna og\u00f3lnodost\u0119pna kuchnia.<\/p>\n<p style=\"text-align: justify;\">Od dworca kolejowego i autobusowego w Gi\u017cycku obiekt dzieli dystans 300 metr\u00f3w. Odleg\u0142o\u015b\u0107 od jeziora Niegocin w linii prostej to 250 m. Odleg\u0142o\u015b\u0107 do pla\u017cy to 800 m. Do pla\u017cy mo\u017cna doj\u015b\u0107 od 10- 12 minut.<\/p>\n<p style=\"text-align: justify;\">Centrum Gi\u017cycka to idealne miejsce do wypoczynku po\u0142\u0105czonego z rozrywk\u0105, tak\u017ce idealne miejsce pracy. Gi\u017cycko le\u017cy w jednej z najpi\u0119kniejszych cz\u0119\u015bci Mazur.<\/p>\n<p style=\"text-align: justify;\">Nie wystarczy jeden nocleg w krainie Wielkich Jezior, \u017ceby pozna\u0107 uroki tych ziem, dlatego zach\u0119camy do przyjazdu na d\u0142u\u017csze pobyty.<\/p>\n<p>Jeste\u015bmy partnerem serwisu noclegowego\u00a0<a href=\"http:\/\/www.e-wczasy.pl\">http:\/\/www.e-wczasy.pl <\/a>-noclegi w Polsce.<\/p>\n<p style=\"text-align: justify;\"><img loading=\"lazy\" class=\"size-medium wp-image-183 aligncenter\" src=\"http:\/\/jantar-gizycko.eu\/gosciniec\/wp-content\/uploads\/2017\/03\/cropped-logo-na-stron\u0119-1-300x73.png\" alt=\"\" width=\"300\" height=\"73\" srcset=\"https:\/\/jantar-gizycko.eu\/gosciniec\/wp-content\/uploads\/2017\/03\/cropped-logo-na-stron\u0119-1-300x73.png 300w, https:\/\/jantar-gizycko.eu\/gosciniec\/wp-content\/uploads\/2017\/03\/cropped-logo-na-stron\u0119-1.png 700w\" sizes=\"(max-width: 300px) 100vw, 300px\" \/><\/p>\n","protected":false},"excerpt":{"rendered":"<p>Go\u015bciniec Jantar po\u0142o\u017cony jest w centrum Gi\u017cycka, 500 metr\u00f3w od jeziora Niegocin. St\u0105d wsz\u0119dzie jest blisko do portu nad \u00a0jeziorem Niegocin, na pla\u017c\u0119, do dworca, sklep\u00f3w, aptek restauracji i innych lokali gastronomicznych. &nbsp; Go\u015bciniec Jantar zapewnia Pa\u0144stwu komfort i co\u015b, co trudno znale\u017a\u0107 w du\u017cych hotelach: domow\u0105 atmosfer\u0119. Pensjonat \u00a0Go\u015bciniec Jantar po\u0142o\u017cony jest w samym [&hellip;]<\/p>\n","protected":false},"author":1,"featured_media":260,"parent":0,"menu_order":0,"comment_status":"closed","ping_status":"closed","template":"page_fullwidth.php","meta":[],"yoast_head":"<!-- This site is optimized with the Yoast SEO plugin v16.3 - https:\/\/yoast.com\/wordpress\/plugins\/seo\/ -->\n<title>Go\u015bciniec Jantar zapewnia Pa\u0144stwu komfort i co\u015b, co trudno znale\u017a\u0107 w du\u017cych hotelach: domow\u0105 atmosfer\u0119.<\/title>\n<meta name=\"description\" content=\"Go\u015bciniec Jantar Gi\u017cycko po\u0142o\u017cony jest w centrum Gi\u017cycka, 500 metr\u00f3w od jeziora Niegocin. Go\u015bciniec Jantar zapewnia Pa\u0144stwu komfort i co\u015b, co trudno znale\u017a\u0107 w du\u017cych hotelach: domow\u0105 atmosfer\u0119.\" \/>\n<meta name=\"robots\" content=\"index, follow, max-snippet:-1, max-image-preview:large, max-video-preview:-1\" \/>\n<link rel=\"canonical\" href=\"https:\/\/jantar-gizycko.eu\/gosciniec\/\" \/>\n<meta property=\"og:locale\" content=\"pl_PL\" \/>\n<meta property=\"og:type\" content=\"article\" \/>\n<meta property=\"og:title\" content=\"Go\u015bciniec Jantar zapewnia Pa\u0144stwu komfort i co\u015b, co trudno znale\u017a\u0107 w du\u017cych hotelach: domow\u0105 atmosfer\u0119.\" \/>\n<meta property=\"og:description\" content=\"Go\u015bciniec Jantar Gi\u017cycko po\u0142o\u017cony jest w centrum Gi\u017cycka, 500 metr\u00f3w od jeziora Niegocin. Go\u015bciniec Jantar zapewnia Pa\u0144stwu komfort i co\u015b, co trudno znale\u017a\u0107 w du\u017cych hotelach: domow\u0105 atmosfer\u0119.\" \/>\n<meta property=\"og:url\" content=\"https:\/\/jantar-gizycko.eu\/gosciniec\/\" \/>\n<meta property=\"og:site_name\" content=\"Go\u015bciniec Jantar - Gi\u017cycko\" \/>\n<meta property=\"article:modified_time\" content=\"2025-04-14T09:58:06+00:00\" \/>\n<meta property=\"og:image\" content=\"http:\/\/jantar-gizycko.eu\/gosciniec\/wp-content\/uploads\/2017\/03\/jantar-gosciniec.jpg\" \/>\n\t<meta property=\"og:image:width\" content=\"200\" \/>\n\t<meta property=\"og:image:height\" content=\"200\" \/>\n<meta name=\"twitter:card\" content=\"summary\" \/>\n<meta name=\"twitter:label1\" content=\"Szacowany czas czytania\">\n\t<meta name=\"twitter:data1\" content=\"2 minuty\">\n<script type=\"application\/ld+json\" class=\"yoast-schema-graph\">{\"@context\":\"https:\/\/schema.org\",\"@graph\":[{\"@type\":\"Organization\",\"@id\":\"https:\/\/jantar-gizycko.eu\/gosciniec\/#organization\",\"name\":\"Go\\u015bciniec Jantar Gi\\u017cycko\",\"url\":\"https:\/\/jantar-gizycko.eu\/gosciniec\/\",\"sameAs\":[],\"logo\":{\"@type\":\"ImageObject\",\"@id\":\"https:\/\/jantar-gizycko.eu\/gosciniec\/#logo\",\"inLanguage\":\"pl-PL\",\"url\":\"http:\/\/jantar-gizycko.eu\/gosciniec\/wp-content\/uploads\/2017\/03\/gosciniec-logo-ok.png\",\"contentUrl\":\"http:\/\/jantar-gizycko.eu\/gosciniec\/wp-content\/uploads\/2017\/03\/gosciniec-logo-ok.png\",\"width\":1500,\"height\":1000,\"caption\":\"Go\\u015bciniec Jantar Gi\\u017cycko\"},\"image\":{\"@id\":\"https:\/\/jantar-gizycko.eu\/gosciniec\/#logo\"}},{\"@type\":\"WebSite\",\"@id\":\"https:\/\/jantar-gizycko.eu\/gosciniec\/#website\",\"url\":\"https:\/\/jantar-gizycko.eu\/gosciniec\/\",\"name\":\"Go\\u015bciniec Jantar - Gi\\u017cycko\",\"description\":\"Pokoje hotelowe\",\"publisher\":{\"@id\":\"https:\/\/jantar-gizycko.eu\/gosciniec\/#organization\"},\"potentialAction\":[{\"@type\":\"SearchAction\",\"target\":\"https:\/\/jantar-gizycko.eu\/gosciniec\/?s={search_term_string}\",\"query-input\":\"required name=search_term_string\"}],\"inLanguage\":\"pl-PL\"},{\"@type\":\"ImageObject\",\"@id\":\"https:\/\/jantar-gizycko.eu\/gosciniec\/#primaryimage\",\"inLanguage\":\"pl-PL\",\"url\":\"https:\/\/jantar-gizycko.eu\/gosciniec\/wp-content\/uploads\/2017\/03\/jantar-gosciniec.jpg\",\"contentUrl\":\"https:\/\/jantar-gizycko.eu\/gosciniec\/wp-content\/uploads\/2017\/03\/jantar-gosciniec.jpg\",\"width\":200,\"height\":200,\"caption\":\"Obiekt Go\\u015bciniec Jantar\"},{\"@type\":\"WebPage\",\"@id\":\"https:\/\/jantar-gizycko.eu\/gosciniec\/#webpage\",\"url\":\"https:\/\/jantar-gizycko.eu\/gosciniec\/\",\"name\":\"Go\\u015bciniec Jantar zapewnia Pa\\u0144stwu komfort i co\\u015b, co trudno znale\\u017a\\u0107 w du\\u017cych hotelach: domow\\u0105 atmosfer\\u0119.\",\"isPartOf\":{\"@id\":\"https:\/\/jantar-gizycko.eu\/gosciniec\/#website\"},\"primaryImageOfPage\":{\"@id\":\"https:\/\/jantar-gizycko.eu\/gosciniec\/#primaryimage\"},\"datePublished\":\"2017-03-25T14:15:54+00:00\",\"dateModified\":\"2025-04-14T09:58:06+00:00\",\"description\":\"Go\\u015bciniec Jantar Gi\\u017cycko po\\u0142o\\u017cony jest w centrum Gi\\u017cycka, 500 metr\\u00f3w od jeziora Niegocin. Go\\u015bciniec Jantar zapewnia Pa\\u0144stwu komfort i co\\u015b, co trudno znale\\u017a\\u0107 w du\\u017cych hotelach: domow\\u0105 atmosfer\\u0119.\",\"breadcrumb\":{\"@id\":\"https:\/\/jantar-gizycko.eu\/gosciniec\/#breadcrumb\"},\"inLanguage\":\"pl-PL\",\"potentialAction\":[{\"@type\":\"ReadAction\",\"target\":[\"https:\/\/jantar-gizycko.eu\/gosciniec\/\"]}]},{\"@type\":\"BreadcrumbList\",\"@id\":\"https:\/\/jantar-gizycko.eu\/gosciniec\/#breadcrumb\",\"itemListElement\":[{\"@type\":\"ListItem\",\"position\":1,\"item\":{\"@type\":\"WebPage\",\"@id\":\"https:\/\/jantar-gizycko.eu\/gosciniec\/\",\"url\":\"https:\/\/jantar-gizycko.eu\/gosciniec\/\",\"name\":\"Strona g\\u0142\\u00f3wna\"}},{\"@type\":\"ListItem\",\"position\":2,\"item\":{\"@id\":\"https:\/\/jantar-gizycko.eu\/gosciniec\/#webpage\"}}]}]}<\/script>\n<!-- \/ Yoast SEO plugin. -->","_links":{"self":[{"href":"https:\/\/jantar-gizycko.eu\/gosciniec\/wp-json\/wp\/v2\/pages\/19"}],"collection":[{"href":"https:\/\/jantar-gizycko.eu\/gosciniec\/wp-json\/wp\/v2\/pages"}],"about":[{"href":"https:\/\/jantar-gizycko.eu\/gosciniec\/wp-json\/wp\/v2\/types\/page"}],"author":[{"embeddable":true,"href":"https:\/\/jantar-gizycko.eu\/gosciniec\/wp-json\/wp\/v2\/users\/1"}],"replies":[{"embeddable":true,"href":"https:\/\/jantar-gizycko.eu\/gosciniec\/wp-json\/wp\/v2\/comments?post=19"}],"version-history":[{"count":65,"href":"https:\/\/jantar-gizycko.eu\/gosciniec\/wp-json\/wp\/v2\/pages\/19\/revisions"}],"predecessor-version":[{"id":560,"href":"https:\/\/jantar-gizycko.eu\/gosciniec\/wp-json\/wp\/v2\/pages\/19\/revisions\/560"}],"wp:featuredmedia":[{"embeddable":true,"href":"https:\/\/jantar-gizycko.eu\/gosciniec\/wp-json\/wp\/v2\/media\/260"}],"wp:attachment":[{"href":"https:\/\/jantar-gizycko.eu\/gosciniec\/wp-json\/wp\/v2\/media?parent=19"}],"curies":[{"name":"wp","href":"https:\/\/api.w.org\/{rel}","templated":true}]}}